{"id":24235,"date":"2022-09-07T13:37:30","date_gmt":"2022-09-07T11:37:30","guid":{"rendered":"https:\/\/annehodgson.de\/?page_id=24235"},"modified":"2022-09-07T21:57:22","modified_gmt":"2022-09-07T19:57:22","slug":"kommunikation","status":"publish","type":"page","link":"https:\/\/annehodgson.de\/de\/kommunikation\/","title":{"rendered":"Kommunikation"},"content":{"rendered":"\t\t<div data-elementor-type=\"wp-page\" data-elementor-id=\"24235\" class=\"elementor elementor-24235\" data-elementor-post-type=\"page\">\n\t\t\t\t\t\t<section class=\"elementor-section elementor-top-section elementor-element elementor-element-21c8d52 elementor-section-boxed elementor-section-height-default elementor-section-height-default\" data-id=\"21c8d52\" data-element_type=\"section\">\n\t\t\t\t\t\t<div class=\"elementor-container elementor-column-gap-default\">\n\t\t\t\t\t<div class=\"elementor-column elementor-col-100 elementor-top-column elementor-element elementor-element-154bdca\" data-id=\"154bdca\" data-element_type=\"column\">\n\t\t\t<div class=\"elementor-widget-wrap elementor-element-populated\">\n\t\t\t\t\t\t<div class=\"elementor-element elementor-element-2681ac9 elementor-widget elementor-widget-heading\" data-id=\"2681ac9\" data-element_type=\"widget\" data-widget_type=\"heading.default\">\n\t\t\t\t<div class=\"elementor-widget-container\">\n\t\t\t\t\t<h1 class=\"elementor-heading-title elementor-size-default\">Kommunikation<\/h1>\t\t\t\t<\/div>\n\t\t\t\t<\/div>\n\t\t\t\t\t<\/div>\n\t\t<\/div>\n\t\t\t\t\t<\/div>\n\t\t<\/section>\n\t\t\t\t<section class=\"elementor-section elementor-top-section elementor-element elementor-element-bfd22a6 elementor-section-content-middle elementor-reverse-tablet elementor-reverse-mobile elementor-section-boxed elementor-section-height-default elementor-section-height-default\" data-id=\"bfd22a6\" data-element_type=\"section\">\n\t\t\t\t\t\t<div class=\"elementor-container elementor-column-gap-no\">\n\t\t\t\t\t<div class=\"elementor-column elementor-col-50 elementor-top-column elementor-element elementor-element-c0f48c2\" data-id=\"c0f48c2\" data-element_type=\"column\">\n\t\t\t<div class=\"elementor-widget-wrap elementor-element-populated\">\n\t\t\t\t\t\t<div class=\"elementor-element elementor-element-2c2ecd7 elementor-vertical-align-top elementor-widget elementor-widget-icon-box\" data-id=\"2c2ecd7\" data-element_type=\"widget\" data-widget_type=\"icon-box.default\">\n\t\t\t\t<div class=\"elementor-widget-container\">\n\t\t\t\t\t\t\t<div class=\"elementor-icon-box-wrapper\">\n\n\t\t\t\n\t\t\t\t\t\t<div class=\"elementor-icon-box-content\">\n\n\t\t\t\t\t\t\t\t\t<h3 class=\"elementor-icon-box-title\">\n\t\t\t\t\t\t<span  >\n\t\t\t\t\t\t\tSelbstbewu\u00dft und professionell\t\t\t\t\t\t<\/span>\n\t\t\t\t\t<\/h3>\n\t\t\t\t\n\t\t\t\t\t\t\t\t\t<p class=\"elementor-icon-box-description\">\n\t\t\t\t\t\tEs bedarf mehr als einer gemeinsamen Sprache, um angesichts der globalen Vielfalt und komplexer, unsicherer und mehrdeutiger Situationen effektiv zu kommunizieren. Entwickeln Sie Ihre Softskills, um die harten N\u00fcsse zu knacken.\t\t\t\t\t<\/p>\n\t\t\t\t\n\t\t\t<\/div>\n\t\t\t\n\t\t<\/div>\n\t\t\t\t\t\t<\/div>\n\t\t\t\t<\/div>\n\t\t\t\t<div class=\"elementor-element elementor-element-b611ad9 elementor-vertical-align-top elementor-widget elementor-widget-icon-box\" data-id=\"b611ad9\" data-element_type=\"widget\" data-widget_type=\"icon-box.default\">\n\t\t\t\t<div class=\"elementor-widget-container\">\n\t\t\t\t\t\t\t<div class=\"elementor-icon-box-wrapper\">\n\n\t\t\t\n\t\t\t\t\t\t<div class=\"elementor-icon-box-content\">\n\n\t\t\t\t\t\t\t\t\t<h3 class=\"elementor-icon-box-title\">\n\t\t\t\t\t\t<span  >\n\t\t\t\t\t\t\tSoftskills f\u00fcr den Arbeitsplatz\t\t\t\t\t\t<\/span>\n\t\t\t\t\t<\/h3>\n\t\t\t\t\n\t\t\t\t\t\t\t\t\t<p class=\"elementor-icon-box-description\">\n\t\t\t\t\t\tWorkshops f\u00fcr Teams an der kundenorientierten Front Ihrer Organisation. Ihr Unternehmen expandiert und wird vielf\u00e4ltiger und Sie m\u00f6chten Ihre Widerstandsf\u00e4higkeit st\u00e4rken\n \u2022 Interkulturelle Kommunikation und Mediation \u2022 Deeskalation, Konfliktl\u00f6sung und Selbstmanagement \u2022 \u00dcberzeugungskraft und H\u00f6flichkeit \u2022 Verkaufen, oder: Never split the difference \u2022 Feedback\t\t\t\t\t<\/p>\n\t\t\t\t\n\t\t\t<\/div>\n\t\t\t\n\t\t<\/div>\n\t\t\t\t\t\t<\/div>\n\t\t\t\t<\/div>\n\t\t\t\t<div class=\"elementor-element elementor-element-b465f85 elementor-vertical-align-top elementor-widget elementor-widget-icon-box\" data-id=\"b465f85\" data-element_type=\"widget\" data-widget_type=\"icon-box.default\">\n\t\t\t\t<div class=\"elementor-widget-container\">\n\t\t\t\t\t\t\t<div class=\"elementor-icon-box-wrapper\">\n\n\t\t\t\n\t\t\t\t\t\t<div class=\"elementor-icon-box-content\">\n\n\t\t\t\t\t\t\t\t\t<h3 class=\"elementor-icon-box-title\">\n\t\t\t\t\t\t<span  >\n\t\t\t\t\t\t\tSoftskills f\u00fcr die Wissenschaft\t\t\t\t\t\t<\/span>\n\t\t\t\t\t<\/h3>\n\t\t\t\t\n\t\t\t\t\t\t\t\t\t<p class=\"elementor-icon-box-description\">\n\t\t\t\t\t\tSoftskills f\u00fcr Studierende, Doktorand:innen und Postdoks \u2022 Bewerbungen und interviews \u2022 Storytelling und Zuh\u00f6ren \u2022 Presentationen f\u00fcr Wissenschaft und Gesellschaft \u2022 Wissenschaftskommunikation\u2022 Interkulturelle Kommunikation \u2022 Denkwerkzeuge und Modelle \u2022 Bessere Gespr\u00e4chsf\u00fchrung f\u00fcr verbesserte Teamarbeit\t\t\t\t\t<\/p>\n\t\t\t\t\n\t\t\t<\/div>\n\t\t\t\n\t\t<\/div>\n\t\t\t\t\t\t<\/div>\n\t\t\t\t<\/div>\n\t\t\t\t\t<\/div>\n\t\t<\/div>\n\t\t\t\t<div class=\"elementor-column elementor-col-50 elementor-top-column elementor-element elementor-element-ce766df\" data-id=\"ce766df\" data-element_type=\"column\">\n\t\t\t<div class=\"elementor-widget-wrap elementor-element-populated\">\n\t\t\t\t\t\t<div class=\"elementor-element elementor-element-2ee9aec elementor-widget elementor-widget-image\" data-id=\"2ee9aec\" data-element_type=\"widget\" data-widget_type=\"image.default\">\n\t\t\t\t<div class=\"elementor-widget-container\">\n\t\t\t\t\t\t\t\t\t\t\t\t\t\t\t<img fetchpriority=\"high\" decoding=\"async\" width=\"2560\" height=\"1920\" src=\"https:\/\/i0.wp.com\/annehodgson.de\/wp-content\/uploads\/2022\/08\/MPI_poster_build2-scaled.jpg?fit=2560%2C1920&amp;ssl=1\" class=\"attachment-full size-full wp-image-22978\" alt=\"Communication coaching: Team posters\" srcset=\"https:\/\/i0.wp.com\/annehodgson.de\/wp-content\/uploads\/2022\/08\/MPI_poster_build2-scaled.jpg?w=2560&amp;ssl=1 2560w, https:\/\/i0.wp.com\/annehodgson.de\/wp-content\/uploads\/2022\/08\/MPI_poster_build2-scaled.jpg?resize=300%2C225&amp;ssl=1 300w, https:\/\/i0.wp.com\/annehodgson.de\/wp-content\/uploads\/2022\/08\/MPI_poster_build2-scaled.jpg?resize=1024%2C768&amp;ssl=1 1024w, https:\/\/i0.wp.com\/annehodgson.de\/wp-content\/uploads\/2022\/08\/MPI_poster_build2-scaled.jpg?resize=768%2C576&amp;ssl=1 768w, https:\/\/i0.wp.com\/annehodgson.de\/wp-content\/uploads\/2022\/08\/MPI_poster_build2-scaled.jpg?resize=1536%2C1152&amp;ssl=1 1536w, https:\/\/i0.wp.com\/annehodgson.de\/wp-content\/uploads\/2022\/08\/MPI_poster_build2-scaled.jpg?resize=2048%2C1536&amp;ssl=1 2048w, https:\/\/i0.wp.com\/annehodgson.de\/wp-content\/uploads\/2022\/08\/MPI_poster_build2-scaled.jpg?w=1600&amp;ssl=1 1600w, https:\/\/i0.wp.com\/annehodgson.de\/wp-content\/uploads\/2022\/08\/MPI_poster_build2-scaled.jpg?w=2400&amp;ssl=1 2400w\" sizes=\"(max-width: 800px) 100vw, 800px\" \/>\t\t\t\t\t\t\t\t\t\t\t\t\t\t\t<\/div>\n\t\t\t\t<\/div>\n\t\t\t\t\t<\/div>\n\t\t<\/div>\n\t\t\t\t\t<\/div>\n\t\t<\/section>\n\t\t\t\t<\/div>\n\t\t","protected":false},"excerpt":{"rendered":"<p>Kommunikation Selbstbewu\u00dft und professionell Es bedarf mehr als einer gemeinsamen Sprache, um angesichts der globalen Vielfalt und komplexer, unsicherer und mehrdeutiger Situationen effektiv zu kommunizieren. Entwickeln Sie Ihre Softskills, um die harten N\u00fcsse zu knacken. Softskills f\u00fcr den Arbeitsplatz Workshops f\u00fcr Teams an der kundenorientierten Front Ihrer Organisation. Ihr Unternehmen expandiert und wird vielf\u00e4ltiger und [&hellip;]<\/p>\n","protected":false},"author":2,"featured_media":0,"parent":0,"menu_order":0,"comment_status":"closed","ping_status":"closed","template":"elementor_header_footer","meta":{"om_disable_all_campaigns":false,"_monsterinsights_skip_tracking":false,"_monsterinsights_sitenote_active":false,"_monsterinsights_sitenote_note":"","_monsterinsights_sitenote_category":0,"_uf_show_specific_survey":0,"_uf_disable_surveys":false,"jetpack_post_was_ever_published":false,"footnotes":""},"class_list":["post-24235","page","type-page","status-publish","hentry"],"aioseo_notices":[],"jetpack_shortlink":"https:\/\/wp.me\/P7guBI-6iT","jetpack-related-posts":[{"id":24212,"url":"https:\/\/annehodgson.de\/de\/","url_meta":{"origin":24235,"position":0},"title":"Homepage","author":"Anne","date":"September 7, 2022","format":false,"excerpt":"Englischkurse Kommunikation Blog Zu mir Systemisches Coaching Teamentwicklung Willkommen! Aufgewachsen bin ich in Washington DC, wo wir zuhause und an der Schule Deutsch und Englisch sprachen. Seit 1998 bin ich als Kommunikationscoach t\u00e4tig. Von Berlin aus unterst\u00fctze ich Menschen, die internationalen Berufen in Wirtschaft und Wissenschaft nachgehen. Wie kann ich\u2026","rel":"","context":"\u00c4hnlicher Beitrag","block_context":{"text":"\u00c4hnlicher Beitrag","link":""},"img":{"alt_text":"About me","src":"https:\/\/i0.wp.com\/annehodgson.de\/wp-content\/uploads\/2022\/08\/Anne-neat-scaled.jpg?fit=1200%2C900&ssl=1&resize=350%2C200","width":350,"height":200,"srcset":"https:\/\/i0.wp.com\/annehodgson.de\/wp-content\/uploads\/2022\/08\/Anne-neat-scaled.jpg?fit=1200%2C900&ssl=1&resize=350%2C200 1x, https:\/\/i0.wp.com\/annehodgson.de\/wp-content\/uploads\/2022\/08\/Anne-neat-scaled.jpg?fit=1200%2C900&ssl=1&resize=525%2C300 1.5x, https:\/\/i0.wp.com\/annehodgson.de\/wp-content\/uploads\/2022\/08\/Anne-neat-scaled.jpg?fit=1200%2C900&ssl=1&resize=700%2C400 2x, https:\/\/i0.wp.com\/annehodgson.de\/wp-content\/uploads\/2022\/08\/Anne-neat-scaled.jpg?fit=1200%2C900&ssl=1&resize=1050%2C600 3x"},"classes":[]},{"id":22562,"url":"https:\/\/annehodgson.de\/blog\/","url_meta":{"origin":24235,"position":1},"title":"Blog","author":"Anne","date":"M\u00e4rz 2, 2022","format":false,"excerpt":"Blog","rel":"","context":"\u00c4hnlicher Beitrag","block_context":{"text":"\u00c4hnlicher Beitrag","link":""},"img":{"alt_text":"Blog","src":"https:\/\/i0.wp.com\/annehodgson.de\/wp-content\/uploads\/2022\/09\/noun-blog-1290485-3D4971-150x150.png?resize=350%2C200&ssl=1","width":350,"height":200},"classes":[]},{"id":24313,"url":"https:\/\/annehodgson.de\/de\/blog\/","url_meta":{"origin":24235,"position":2},"title":"Blog","author":"Anne","date":"September 7, 2022","format":false,"excerpt":"Blog","rel":"","context":"\u00c4hnlicher Beitrag","block_context":{"text":"\u00c4hnlicher Beitrag","link":""},"img":{"alt_text":"Blog","src":"https:\/\/i0.wp.com\/annehodgson.de\/wp-content\/uploads\/2022\/09\/noun-blog-1290485-3D4971-150x150.png?resize=350%2C200&ssl=1","width":350,"height":200},"classes":[]},{"id":24320,"url":"https:\/\/annehodgson.de\/de\/kontakt\/","url_meta":{"origin":24235,"position":3},"title":"Kontakt","author":"Anne","date":"September 7, 2022","format":false,"excerpt":"Kontakt Bitte nutzen Sie dieses Kontaktformular. Ich melde mich baldm\u00f6glichst bei Ihnen.","rel":"","context":"\u00c4hnlicher Beitrag","block_context":{"text":"\u00c4hnlicher Beitrag","link":""},"img":{"alt_text":"Contact","src":"https:\/\/i0.wp.com\/annehodgson.de\/wp-content\/uploads\/2022\/03\/noun-envelope-3853577-F19F53.png?resize=350%2C200&ssl=1","width":350,"height":200},"classes":[]},{"id":24308,"url":"https:\/\/annehodgson.de\/de\/lektorat-und-uebersetzung\/","url_meta":{"origin":24235,"position":4},"title":"Lektorat und \u00dcbersetzung","author":"Anne","date":"September 7, 2022","format":false,"excerpt":"Lektorat & \u00dcbersetzung Reden und Pr\u00e4sentationen Vorbereitung Ihrer Ansprache vom ersten Entwurf bis zur ausgefeilten Endfassung unter Verwendung der W\u00f6rter, die Sie gut beherrschen und die Ihnen leicht von der Zunge gehen. Finden Sie Ihre Stimme auf Englisch. Wissenschaftskommunikation Wir unterst\u00fctzen Sie bei der \u00dcberarbeitung Ihrer Forschungsergebnisse f\u00fcr die Ver\u00f6ffentlichung.\u2026","rel":"","context":"\u00c4hnlicher Beitrag","block_context":{"text":"\u00c4hnlicher Beitrag","link":""},"img":{"alt_text":"Berlin","src":"https:\/\/i0.wp.com\/annehodgson.de\/wp-content\/uploads\/2022\/08\/Berlin-scaled.jpeg?resize=350%2C200&ssl=1","width":350,"height":200,"srcset":"https:\/\/i0.wp.com\/annehodgson.de\/wp-content\/uploads\/2022\/08\/Berlin-scaled.jpeg?resize=350%2C200&ssl=1 1x, https:\/\/i0.wp.com\/annehodgson.de\/wp-content\/uploads\/2022\/08\/Berlin-scaled.jpeg?resize=525%2C300&ssl=1 1.5x, https:\/\/i0.wp.com\/annehodgson.de\/wp-content\/uploads\/2022\/08\/Berlin-scaled.jpeg?resize=700%2C400&ssl=1 2x, https:\/\/i0.wp.com\/annehodgson.de\/wp-content\/uploads\/2022\/08\/Berlin-scaled.jpeg?resize=1050%2C600&ssl=1 3x, https:\/\/i0.wp.com\/annehodgson.de\/wp-content\/uploads\/2022\/08\/Berlin-scaled.jpeg?resize=1400%2C800&ssl=1 4x"},"classes":[]},{"id":22579,"url":"https:\/\/annehodgson.de\/contact\/","url_meta":{"origin":24235,"position":5},"title":"Contact","author":"Anne","date":"M\u00e4rz 2, 2022","format":false,"excerpt":"Contact Me Please use this form to contact me. I will get back to you as soon as I can.","rel":"","context":"\u00c4hnlicher Beitrag","block_context":{"text":"\u00c4hnlicher Beitrag","link":""},"img":{"alt_text":"Contact","src":"https:\/\/i0.wp.com\/annehodgson.de\/wp-content\/uploads\/2022\/03\/noun-envelope-3853577-F19F53.png?resize=350%2C200&ssl=1","width":350,"height":200},"classes":[]}],"jetpack_sharing_enabled":true,"_links":{"self":[{"href":"https:\/\/annehodgson.de\/de\/wp-json\/wp\/v2\/pages\/24235","targetHints":{"allow":["GET"]}}],"collection":[{"href":"https:\/\/annehodgson.de\/de\/wp-json\/wp\/v2\/pages"}],"about":[{"href":"https:\/\/annehodgson.de\/de\/wp-json\/wp\/v2\/types\/page"}],"author":[{"embeddable":true,"href":"https:\/\/annehodgson.de\/de\/wp-json\/wp\/v2\/users\/2"}],"replies":[{"embeddable":true,"href":"https:\/\/annehodgson.de\/de\/wp-json\/wp\/v2\/comments?post=24235"}],"version-history":[{"count":5,"href":"https:\/\/annehodgson.de\/de\/wp-json\/wp\/v2\/pages\/24235\/revisions"}],"predecessor-version":[{"id":24421,"href":"https:\/\/annehodgson.de\/de\/wp-json\/wp\/v2\/pages\/24235\/revisions\/24421"}],"wp:attachment":[{"href":"https:\/\/annehodgson.de\/de\/wp-json\/wp\/v2\/media?parent=24235"}],"curies":[{"name":"wp","href":"https:\/\/api.w.org\/{rel}","templated":true}]}}