{"id":24243,"date":"2022-09-07T13:51:03","date_gmt":"2022-09-07T11:51:03","guid":{"rendered":"https:\/\/annehodgson.de\/?page_id=24243"},"modified":"2022-09-07T22:04:37","modified_gmt":"2022-09-07T20:04:37","slug":"englischkurse","status":"publish","type":"page","link":"https:\/\/annehodgson.de\/de\/englischkurse\/","title":{"rendered":"Englischkurse"},"content":{"rendered":"\t\t<div data-elementor-type=\"wp-page\" data-elementor-id=\"24243\" class=\"elementor elementor-24243\" data-elementor-post-type=\"page\">\n\t\t\t\t\t\t<section class=\"elementor-section elementor-top-section elementor-element elementor-element-21c8d52 elementor-section-boxed elementor-section-height-default elementor-section-height-default\" data-id=\"21c8d52\" data-element_type=\"section\">\n\t\t\t\t\t\t<div class=\"elementor-container elementor-column-gap-default\">\n\t\t\t\t\t<div class=\"elementor-column elementor-col-100 elementor-top-column elementor-element elementor-element-154bdca\" data-id=\"154bdca\" data-element_type=\"column\">\n\t\t\t<div class=\"elementor-widget-wrap elementor-element-populated\">\n\t\t\t\t\t\t<div class=\"elementor-element elementor-element-2681ac9 elementor-widget elementor-widget-heading\" data-id=\"2681ac9\" data-element_type=\"widget\" data-widget_type=\"heading.default\">\n\t\t\t\t<div class=\"elementor-widget-container\">\n\t\t\t\t\t<h1 class=\"elementor-heading-title elementor-size-default\">Englischkurse<\/h1>\t\t\t\t<\/div>\n\t\t\t\t<\/div>\n\t\t\t\t\t<\/div>\n\t\t<\/div>\n\t\t\t\t\t<\/div>\n\t\t<\/section>\n\t\t\t\t<section class=\"elementor-section elementor-top-section elementor-element elementor-element-4973ddf elementor-section-content-middle elementor-section-boxed elementor-section-height-default elementor-section-height-default\" data-id=\"4973ddf\" data-element_type=\"section\">\n\t\t\t\t\t\t<div class=\"elementor-container elementor-column-gap-no\">\n\t\t\t\t\t<div class=\"elementor-column elementor-col-50 elementor-top-column elementor-element elementor-element-838cb3c\" data-id=\"838cb3c\" data-element_type=\"column\">\n\t\t\t<div class=\"elementor-widget-wrap elementor-element-populated\">\n\t\t\t\t\t\t<div class=\"elementor-element elementor-element-4891f10 elementor-widget elementor-widget-image\" data-id=\"4891f10\" data-element_type=\"widget\" data-widget_type=\"image.default\">\n\t\t\t\t<div class=\"elementor-widget-container\">\n\t\t\t\t\t\t\t\t\t\t\t\t\t\t\t<img fetchpriority=\"high\" decoding=\"async\" width=\"2560\" height=\"1920\" src=\"https:\/\/i0.wp.com\/annehodgson.de\/wp-content\/uploads\/2022\/08\/FHI_games1-scaled.jpg?fit=2560%2C1920&amp;ssl=1\" class=\"attachment-full size-full wp-image-22974\" alt=\"Language training with Lego\" srcset=\"https:\/\/i0.wp.com\/annehodgson.de\/wp-content\/uploads\/2022\/08\/FHI_games1-scaled.jpg?w=2560&amp;ssl=1 2560w, https:\/\/i0.wp.com\/annehodgson.de\/wp-content\/uploads\/2022\/08\/FHI_games1-scaled.jpg?resize=300%2C225&amp;ssl=1 300w, https:\/\/i0.wp.com\/annehodgson.de\/wp-content\/uploads\/2022\/08\/FHI_games1-scaled.jpg?resize=1024%2C768&amp;ssl=1 1024w, https:\/\/i0.wp.com\/annehodgson.de\/wp-content\/uploads\/2022\/08\/FHI_games1-scaled.jpg?resize=768%2C576&amp;ssl=1 768w, https:\/\/i0.wp.com\/annehodgson.de\/wp-content\/uploads\/2022\/08\/FHI_games1-scaled.jpg?resize=1536%2C1152&amp;ssl=1 1536w, https:\/\/i0.wp.com\/annehodgson.de\/wp-content\/uploads\/2022\/08\/FHI_games1-scaled.jpg?resize=2048%2C1536&amp;ssl=1 2048w, https:\/\/i0.wp.com\/annehodgson.de\/wp-content\/uploads\/2022\/08\/FHI_games1-scaled.jpg?w=1600&amp;ssl=1 1600w, https:\/\/i0.wp.com\/annehodgson.de\/wp-content\/uploads\/2022\/08\/FHI_games1-scaled.jpg?w=2400&amp;ssl=1 2400w\" sizes=\"(max-width: 800px) 100vw, 800px\" \/>\t\t\t\t\t\t\t\t\t\t\t\t\t\t\t<\/div>\n\t\t\t\t<\/div>\n\t\t\t\t\t<\/div>\n\t\t<\/div>\n\t\t\t\t<div class=\"elementor-column elementor-col-50 elementor-top-column elementor-element elementor-element-914ad2b\" data-id=\"914ad2b\" data-element_type=\"column\">\n\t\t\t<div class=\"elementor-widget-wrap elementor-element-populated\">\n\t\t\t\t\t\t<div class=\"elementor-element elementor-element-751a5cb elementor-vertical-align-top elementor-widget elementor-widget-icon-box\" data-id=\"751a5cb\" data-element_type=\"widget\" data-widget_type=\"icon-box.default\">\n\t\t\t\t<div class=\"elementor-widget-container\">\n\t\t\t\t\t\t\t<div class=\"elementor-icon-box-wrapper\">\n\n\t\t\t\n\t\t\t\t\t\t<div class=\"elementor-icon-box-content\">\n\n\t\t\t\t\t\t\t\t\t<h3 class=\"elementor-icon-box-title\">\n\t\t\t\t\t\t<span  >\n\t\t\t\t\t\t\tEinzeltraining f\u00fcr den Arbeitsplatz\t\t\t\t\t\t<\/span>\n\t\t\t\t\t<\/h3>\n\t\t\t\t\n\t\t\t\t\t\t\t\t\t<p class=\"elementor-icon-box-description\">\n\t\t\t\t\t\tSie sprechen mit Kolleg:innen und Gesch\u00e4ftspartner:innen aus aller Welt und wollen Ihre Arbeit bestm\u00f6glich erledigen - und zwar auf Englisch. Ich wei\u00df, was das bedeutet: Englisch ist Ihnen schon irgendwie vertraut und Sie k\u00f6nnen sich einigerma\u00dfen durchschlagen, aber Sie holen sich dabei gelegentlich ein blaues Auge. Sie wissen also, Sie haben noch einen Weg vor sich.  Ich unterst\u00fctze Sie auf Ihrem Weg dorthin mit Einzelcoaching.\t\t\t\t\t<\/p>\n\t\t\t\t\n\t\t\t<\/div>\n\t\t\t\n\t\t<\/div>\n\t\t\t\t\t\t<\/div>\n\t\t\t\t<\/div>\n\t\t\t\t<div class=\"elementor-element elementor-element-298b9dc elementor-vertical-align-top elementor-widget elementor-widget-icon-box\" data-id=\"298b9dc\" data-element_type=\"widget\" data-widget_type=\"icon-box.default\">\n\t\t\t\t<div class=\"elementor-widget-container\">\n\t\t\t\t\t\t\t<div class=\"elementor-icon-box-wrapper\">\n\n\t\t\t\n\t\t\t\t\t\t<div class=\"elementor-icon-box-content\">\n\n\t\t\t\t\t\t\t\t\t<h3 class=\"elementor-icon-box-title\">\n\t\t\t\t\t\t<span  >\n\t\t\t\t\t\t\tFirmenkurse\t\t\t\t\t\t<\/span>\n\t\t\t\t\t<\/h3>\n\t\t\t\t\n\t\t\t\t\t\t\t\t\t<p class=\"elementor-icon-box-description\">\n\t\t\t\t\t\tMotivierende und ansprechende w\u00f6chentliche Lektionen f\u00fcr Ihre spezifische Situation und Ihre t\u00e4glichen Herausforderungen. Agiles Training f\u00fcr ein angstfreies und produktives Umfeld, um auch unter Druck zu lernen und zu arbeiten. Authentisches Material und viel Praxis\n\u2022 Konversation und interesasante Gespr\u00e4che \u2022 typische Gesch\u00e4ftssituationen \u00fcben\n\u2022 Fachliche Inhalte an Nichtfachleute vermitteln \u2022 Gespr\u00e4chsf\u00fchrung zur L\u00f6sung von Problemen \u2022 Verkauf und Akquise\t\t\t\t\t<\/p>\n\t\t\t\t\n\t\t\t<\/div>\n\t\t\t\n\t\t<\/div>\n\t\t\t\t\t\t<\/div>\n\t\t\t\t<\/div>\n\t\t\t\t<div class=\"elementor-element elementor-element-c80e2d2 elementor-vertical-align-top elementor-widget elementor-widget-icon-box\" data-id=\"c80e2d2\" data-element_type=\"widget\" data-widget_type=\"icon-box.default\">\n\t\t\t\t<div class=\"elementor-widget-container\">\n\t\t\t\t\t\t\t<div class=\"elementor-icon-box-wrapper\">\n\n\t\t\t\n\t\t\t\t\t\t<div class=\"elementor-icon-box-content\">\n\n\t\t\t\t\t\t\t\t\t<h3 class=\"elementor-icon-box-title\">\n\t\t\t\t\t\t<span  >\n\t\t\t\t\t\t\tSpezialkurse\t\t\t\t\t\t<\/span>\n\t\t\t\t\t<\/h3>\n\t\t\t\t\n\t\t\t\t\t\t\t\t\t<p class=\"elementor-icon-box-description\">\n\t\t\t\t\t\tKompaktseminare und Workshops\n\u2022 Englisch f\u00fcr den internationalen Arbeitsplatz (modular) \u2022 Presentation \u2022 \tVerhandlung  \u2022 Verkauf und Akquise  \u2022 Personalgespr\u00e4che \u2022  Berichte aus der Forschung und Gesch\u00e4ftsf\u00fchrung\t\t\t\t\t<\/p>\n\t\t\t\t\n\t\t\t<\/div>\n\t\t\t\n\t\t<\/div>\n\t\t\t\t\t\t<\/div>\n\t\t\t\t<\/div>\n\t\t\t\t\t<\/div>\n\t\t<\/div>\n\t\t\t\t\t<\/div>\n\t\t<\/section>\n\t\t\t\t<\/div>\n\t\t","protected":false},"excerpt":{"rendered":"<p>Englischkurse Einzeltraining f\u00fcr den Arbeitsplatz Sie sprechen mit Kolleg:innen und Gesch\u00e4ftspartner:innen aus aller Welt und wollen Ihre Arbeit bestm\u00f6glich erledigen &#8211; und zwar auf Englisch. Ich wei\u00df, was das bedeutet: Englisch ist Ihnen schon irgendwie vertraut und Sie k\u00f6nnen sich einigerma\u00dfen durchschlagen, aber Sie holen sich dabei gelegentlich ein blaues Auge. Sie wissen also, Sie [&hellip;]<\/p>\n","protected":false},"author":2,"featured_media":0,"parent":0,"menu_order":0,"comment_status":"closed","ping_status":"closed","template":"elementor_header_footer","meta":{"om_disable_all_campaigns":false,"_monsterinsights_skip_tracking":false,"_monsterinsights_sitenote_active":false,"_monsterinsights_sitenote_note":"","_monsterinsights_sitenote_category":0,"_uf_show_specific_survey":0,"_uf_disable_surveys":false,"jetpack_post_was_ever_published":false,"footnotes":""},"class_list":["post-24243","page","type-page","status-publish","hentry"],"aioseo_notices":[],"jetpack_shortlink":"https:\/\/wp.me\/P7guBI-6j1","jetpack-related-posts":[{"id":22562,"url":"https:\/\/annehodgson.de\/blog\/","url_meta":{"origin":24243,"position":0},"title":"Blog","author":"Anne","date":"M\u00e4rz 2, 2022","format":false,"excerpt":"Blog","rel":"","context":"\u00c4hnlicher Beitrag","block_context":{"text":"\u00c4hnlicher Beitrag","link":""},"img":{"alt_text":"Blog","src":"https:\/\/i0.wp.com\/annehodgson.de\/wp-content\/uploads\/2022\/09\/noun-blog-1290485-3D4971-150x150.png?resize=350%2C200&ssl=1","width":350,"height":200},"classes":[]},{"id":24313,"url":"https:\/\/annehodgson.de\/de\/blog\/","url_meta":{"origin":24243,"position":1},"title":"Blog","author":"Anne","date":"September 7, 2022","format":false,"excerpt":"Blog","rel":"","context":"\u00c4hnlicher Beitrag","block_context":{"text":"\u00c4hnlicher Beitrag","link":""},"img":{"alt_text":"Blog","src":"https:\/\/i0.wp.com\/annehodgson.de\/wp-content\/uploads\/2022\/09\/noun-blog-1290485-3D4971-150x150.png?resize=350%2C200&ssl=1","width":350,"height":200},"classes":[]},{"id":24320,"url":"https:\/\/annehodgson.de\/de\/kontakt\/","url_meta":{"origin":24243,"position":2},"title":"Kontakt","author":"Anne","date":"September 7, 2022","format":false,"excerpt":"Kontakt Bitte nutzen Sie dieses Kontaktformular. Ich melde mich baldm\u00f6glichst bei Ihnen.","rel":"","context":"\u00c4hnlicher Beitrag","block_context":{"text":"\u00c4hnlicher Beitrag","link":""},"img":{"alt_text":"Contact","src":"https:\/\/i0.wp.com\/annehodgson.de\/wp-content\/uploads\/2022\/03\/noun-envelope-3853577-F19F53.png?resize=350%2C200&ssl=1","width":350,"height":200},"classes":[]},{"id":22579,"url":"https:\/\/annehodgson.de\/contact\/","url_meta":{"origin":24243,"position":3},"title":"Contact","author":"Anne","date":"M\u00e4rz 2, 2022","format":false,"excerpt":"Contact Me Please use this form to contact me. I will get back to you as soon as I can.","rel":"","context":"\u00c4hnlicher Beitrag","block_context":{"text":"\u00c4hnlicher Beitrag","link":""},"img":{"alt_text":"Contact","src":"https:\/\/i0.wp.com\/annehodgson.de\/wp-content\/uploads\/2022\/03\/noun-envelope-3853577-F19F53.png?resize=350%2C200&ssl=1","width":350,"height":200},"classes":[]},{"id":22923,"url":"https:\/\/annehodgson.de\/editing-and-translation\/","url_meta":{"origin":24243,"position":4},"title":"Editing &#038; Translation","author":"Anne","date":"M\u00e4rz 4, 2022","format":false,"excerpt":"Editing & Translation Speech Revision Preparing your speech from first draft to final polished version using the words you feel comfortable with and that will roll off your tongue. Find your voice in English. Science Communication Supporting you as you adapt your research for publication. Respecting the original wording that\u2026","rel":"","context":"\u00c4hnlicher Beitrag","block_context":{"text":"\u00c4hnlicher Beitrag","link":""},"img":{"alt_text":"Berlin","src":"https:\/\/i0.wp.com\/annehodgson.de\/wp-content\/uploads\/2022\/08\/Berlin-scaled.jpeg?resize=350%2C200&ssl=1","width":350,"height":200,"srcset":"https:\/\/i0.wp.com\/annehodgson.de\/wp-content\/uploads\/2022\/08\/Berlin-scaled.jpeg?resize=350%2C200&ssl=1 1x, https:\/\/i0.wp.com\/annehodgson.de\/wp-content\/uploads\/2022\/08\/Berlin-scaled.jpeg?resize=525%2C300&ssl=1 1.5x, https:\/\/i0.wp.com\/annehodgson.de\/wp-content\/uploads\/2022\/08\/Berlin-scaled.jpeg?resize=700%2C400&ssl=1 2x, https:\/\/i0.wp.com\/annehodgson.de\/wp-content\/uploads\/2022\/08\/Berlin-scaled.jpeg?resize=1050%2C600&ssl=1 3x, https:\/\/i0.wp.com\/annehodgson.de\/wp-content\/uploads\/2022\/08\/Berlin-scaled.jpeg?resize=1400%2C800&ssl=1 4x"},"classes":[]},{"id":24212,"url":"https:\/\/annehodgson.de\/de\/","url_meta":{"origin":24243,"position":5},"title":"Homepage","author":"Anne","date":"September 7, 2022","format":false,"excerpt":"Englischkurse Kommunikation Blog Zu mir Systemisches Coaching Teamentwicklung Willkommen! Aufgewachsen bin ich in Washington DC, wo wir zuhause und an der Schule Deutsch und Englisch sprachen. Seit 1998 bin ich als Kommunikationscoach t\u00e4tig. Von Berlin aus unterst\u00fctze ich Menschen, die internationalen Berufen in Wirtschaft und Wissenschaft nachgehen. Wie kann ich\u2026","rel":"","context":"\u00c4hnlicher Beitrag","block_context":{"text":"\u00c4hnlicher Beitrag","link":""},"img":{"alt_text":"About me","src":"https:\/\/i0.wp.com\/annehodgson.de\/wp-content\/uploads\/2022\/08\/Anne-neat-scaled.jpg?fit=1200%2C900&ssl=1&resize=350%2C200","width":350,"height":200,"srcset":"https:\/\/i0.wp.com\/annehodgson.de\/wp-content\/uploads\/2022\/08\/Anne-neat-scaled.jpg?fit=1200%2C900&ssl=1&resize=350%2C200 1x, https:\/\/i0.wp.com\/annehodgson.de\/wp-content\/uploads\/2022\/08\/Anne-neat-scaled.jpg?fit=1200%2C900&ssl=1&resize=525%2C300 1.5x, https:\/\/i0.wp.com\/annehodgson.de\/wp-content\/uploads\/2022\/08\/Anne-neat-scaled.jpg?fit=1200%2C900&ssl=1&resize=700%2C400 2x, https:\/\/i0.wp.com\/annehodgson.de\/wp-content\/uploads\/2022\/08\/Anne-neat-scaled.jpg?fit=1200%2C900&ssl=1&resize=1050%2C600 3x"},"classes":[]}],"jetpack_sharing_enabled":true,"_links":{"self":[{"href":"https:\/\/annehodgson.de\/de\/wp-json\/wp\/v2\/pages\/24243","targetHints":{"allow":["GET"]}}],"collection":[{"href":"https:\/\/annehodgson.de\/de\/wp-json\/wp\/v2\/pages"}],"about":[{"href":"https:\/\/annehodgson.de\/de\/wp-json\/wp\/v2\/types\/page"}],"author":[{"embeddable":true,"href":"https:\/\/annehodgson.de\/de\/wp-json\/wp\/v2\/users\/2"}],"replies":[{"embeddable":true,"href":"https:\/\/annehodgson.de\/de\/wp-json\/wp\/v2\/comments?post=24243"}],"version-history":[{"count":5,"href":"https:\/\/annehodgson.de\/de\/wp-json\/wp\/v2\/pages\/24243\/revisions"}],"predecessor-version":[{"id":24433,"href":"https:\/\/annehodgson.de\/de\/wp-json\/wp\/v2\/pages\/24243\/revisions\/24433"}],"wp:attachment":[{"href":"https:\/\/annehodgson.de\/de\/wp-json\/wp\/v2\/media?parent=24243"}],"curies":[{"name":"wp","href":"https:\/\/api.w.org\/{rel}","templated":true}]}}