{"id":24260,"date":"2022-09-07T14:14:00","date_gmt":"2022-09-07T12:14:00","guid":{"rendered":"https:\/\/annehodgson.de\/?page_id=24260"},"modified":"2022-09-16T18:30:25","modified_gmt":"2022-09-16T16:30:25","slug":"systemisches-coaching","status":"publish","type":"page","link":"https:\/\/annehodgson.de\/de\/systemisches-coaching\/","title":{"rendered":"Systemisches Coaching"},"content":{"rendered":"\t\t<div data-elementor-type=\"wp-page\" data-elementor-id=\"24260\" class=\"elementor elementor-24260\" data-elementor-post-type=\"page\">\n\t\t\t\t\t\t<section class=\"elementor-section elementor-top-section elementor-element elementor-element-21c8d52 elementor-section-boxed elementor-section-height-default elementor-section-height-default\" data-id=\"21c8d52\" data-element_type=\"section\">\n\t\t\t\t\t\t<div class=\"elementor-container elementor-column-gap-default\">\n\t\t\t\t\t<div class=\"elementor-column elementor-col-100 elementor-top-column elementor-element elementor-element-154bdca\" data-id=\"154bdca\" data-element_type=\"column\">\n\t\t\t<div class=\"elementor-widget-wrap elementor-element-populated\">\n\t\t\t\t\t\t<div class=\"elementor-element elementor-element-2681ac9 elementor-widget elementor-widget-heading\" data-id=\"2681ac9\" data-element_type=\"widget\" data-widget_type=\"heading.default\">\n\t\t\t\t<div class=\"elementor-widget-container\">\n\t\t\t\t\t<h1 class=\"elementor-heading-title elementor-size-default\">Systemisches Coaching und Mediation<\/h1>\t\t\t\t<\/div>\n\t\t\t\t<\/div>\n\t\t\t\t\t<\/div>\n\t\t<\/div>\n\t\t\t\t\t<\/div>\n\t\t<\/section>\n\t\t\t\t<section class=\"elementor-section elementor-top-section elementor-element elementor-element-4973ddf elementor-section-content-middle elementor-section-boxed elementor-section-height-default elementor-section-height-default\" data-id=\"4973ddf\" data-element_type=\"section\">\n\t\t\t\t\t\t<div class=\"elementor-container elementor-column-gap-no\">\n\t\t\t\t\t<div class=\"elementor-column elementor-col-50 elementor-top-column elementor-element elementor-element-838cb3c\" data-id=\"838cb3c\" data-element_type=\"column\">\n\t\t\t<div class=\"elementor-widget-wrap elementor-element-populated\">\n\t\t\t\t\t\t<div class=\"elementor-element elementor-element-4891f10 elementor-widget elementor-widget-image\" data-id=\"4891f10\" data-element_type=\"widget\" data-widget_type=\"image.default\">\n\t\t\t\t<div class=\"elementor-widget-container\">\n\t\t\t\t\t\t\t\t\t\t\t\t\t\t\t<img fetchpriority=\"high\" decoding=\"async\" width=\"2560\" height=\"1920\" src=\"https:\/\/i0.wp.com\/annehodgson.de\/wp-content\/uploads\/2022\/08\/Coaching_AnneI-2-scaled.jpeg?fit=2560%2C1920&amp;ssl=1\" class=\"attachment-full size-full wp-image-23076\" alt=\"Individual coaching 2\" srcset=\"https:\/\/i0.wp.com\/annehodgson.de\/wp-content\/uploads\/2022\/08\/Coaching_AnneI-2-scaled.jpeg?w=2560&amp;ssl=1 2560w, https:\/\/i0.wp.com\/annehodgson.de\/wp-content\/uploads\/2022\/08\/Coaching_AnneI-2-scaled.jpeg?resize=300%2C225&amp;ssl=1 300w, https:\/\/i0.wp.com\/annehodgson.de\/wp-content\/uploads\/2022\/08\/Coaching_AnneI-2-scaled.jpeg?resize=1024%2C768&amp;ssl=1 1024w, https:\/\/i0.wp.com\/annehodgson.de\/wp-content\/uploads\/2022\/08\/Coaching_AnneI-2-scaled.jpeg?resize=768%2C576&amp;ssl=1 768w, https:\/\/i0.wp.com\/annehodgson.de\/wp-content\/uploads\/2022\/08\/Coaching_AnneI-2-scaled.jpeg?resize=1536%2C1152&amp;ssl=1 1536w, https:\/\/i0.wp.com\/annehodgson.de\/wp-content\/uploads\/2022\/08\/Coaching_AnneI-2-scaled.jpeg?resize=2048%2C1536&amp;ssl=1 2048w, https:\/\/i0.wp.com\/annehodgson.de\/wp-content\/uploads\/2022\/08\/Coaching_AnneI-2-scaled.jpeg?w=1600&amp;ssl=1 1600w, https:\/\/i0.wp.com\/annehodgson.de\/wp-content\/uploads\/2022\/08\/Coaching_AnneI-2-scaled.jpeg?w=2400&amp;ssl=1 2400w\" sizes=\"(max-width: 800px) 100vw, 800px\" \/>\t\t\t\t\t\t\t\t\t\t\t\t\t\t\t<\/div>\n\t\t\t\t<\/div>\n\t\t\t\t\t<\/div>\n\t\t<\/div>\n\t\t\t\t<div class=\"elementor-column elementor-col-50 elementor-top-column elementor-element elementor-element-914ad2b\" data-id=\"914ad2b\" data-element_type=\"column\">\n\t\t\t<div class=\"elementor-widget-wrap elementor-element-populated\">\n\t\t\t\t\t\t<div class=\"elementor-element elementor-element-751a5cb elementor-vertical-align-top elementor-widget elementor-widget-icon-box\" data-id=\"751a5cb\" data-element_type=\"widget\" data-widget_type=\"icon-box.default\">\n\t\t\t\t<div class=\"elementor-widget-container\">\n\t\t\t\t\t\t\t<div class=\"elementor-icon-box-wrapper\">\n\n\t\t\t\n\t\t\t\t\t\t<div class=\"elementor-icon-box-content\">\n\n\t\t\t\t\t\t\t\t\t<h3 class=\"elementor-icon-box-title\">\n\t\t\t\t\t\t<span  >\n\t\t\t\t\t\t\tGespr\u00e4che \u00fcber F\u00fchrung und Kommunikation\t\t\t\t\t\t<\/span>\n\t\t\t\t\t<\/h3>\n\t\t\t\t\n\t\t\t\t\t\t\t\t\t<p class=\"elementor-icon-box-description\">\n\t\t\t\t\t\tWie kommunizieren Sie im Beruf? Was kommt in Ihrem Umfeld an? Gibt es etwas, das Ihre Botschaften verwirrt und Sie daher beruflich und pers\u00f6nlich zur\u00fcckh\u00e4lt? Vielleicht sind nicht Ihre Sprachkenntnisse das Problem. Coaching hilft Ihnen, ein Gespr\u00e4ch mit sich selbst zu f\u00fchren, um zu beleuchten, was Sie davon abh\u00e4lt, die eigenlichen Herausforderungen anzugehen und die wirklich wichtigen anstehenden Gespr\u00e4che zu f\u00fchren. Coaching hilft Ihnen dabei, sich m\u00f6gliche Abl\u00e4ufe und Ver\u00e4nderungen vorzustellen, L\u00f6sungswege zu sondieren und diese dann beherzt und souver\u00e4n in die Wege zu leiten.\t\t\t\t\t<\/p>\n\t\t\t\t\n\t\t\t<\/div>\n\t\t\t\n\t\t<\/div>\n\t\t\t\t\t\t<\/div>\n\t\t\t\t<\/div>\n\t\t\t\t<div class=\"elementor-element elementor-element-298b9dc elementor-vertical-align-top elementor-widget elementor-widget-icon-box\" data-id=\"298b9dc\" data-element_type=\"widget\" data-widget_type=\"icon-box.default\">\n\t\t\t\t<div class=\"elementor-widget-container\">\n\t\t\t\t\t\t\t<div class=\"elementor-icon-box-wrapper\">\n\n\t\t\t\n\t\t\t\t\t\t<div class=\"elementor-icon-box-content\">\n\n\t\t\t\t\t\t\t\t\t<h3 class=\"elementor-icon-box-title\">\n\t\t\t\t\t\t<span  >\n\t\t\t\t\t\t\tSystemisches Coaching\t\t\t\t\t\t<\/span>\n\t\t\t\t\t<\/h3>\n\t\t\t\t\n\t\t\t\t\t\t\t\t\t<p class=\"elementor-icon-box-description\">\n\t\t\t\t\t\tSystemisches Coaching \u00f6ffnet Ihren Blick f\u00fcr Ihren Kontext, Ihr menschliches System, d.h. Ihre Familie, pers\u00f6nliche Beziehungen, Ihr Team und Ihr Unternehmen. Dieser Blick zielt darauf ab, Ihre Ressourcen zu st\u00e4rken und Sie daf\u00fcr zu \u00f6ffnen, wie Sie Ihre Kompetenzen nutzen und Ihre Optionen erweitern k\u00f6nnen. Wenn Sie vor einer Herausforderung oder Ver\u00e4nderung stehen, hilft Ihnen systemisches  Coaching dabei, Klarheit zu gewinnen und bessere Entscheidungen zu treffen.\t\t\t\t\t<\/p>\n\t\t\t\t\n\t\t\t<\/div>\n\t\t\t\n\t\t<\/div>\n\t\t\t\t\t\t<\/div>\n\t\t\t\t<\/div>\n\t\t\t\t<div class=\"elementor-element elementor-element-c80e2d2 elementor-vertical-align-top elementor-widget elementor-widget-icon-box\" data-id=\"c80e2d2\" data-element_type=\"widget\" data-widget_type=\"icon-box.default\">\n\t\t\t\t<div class=\"elementor-widget-container\">\n\t\t\t\t\t\t\t<div class=\"elementor-icon-box-wrapper\">\n\n\t\t\t\n\t\t\t\t\t\t<div class=\"elementor-icon-box-content\">\n\n\t\t\t\t\t\t\t\t\t<h3 class=\"elementor-icon-box-title\">\n\t\t\t\t\t\t<span  >\n\t\t\t\t\t\t\tIhre Sparringspartnerin\t\t\t\t\t\t<\/span>\n\t\t\t\t\t<\/h3>\n\t\t\t\t\n\t\t\t\t\t\t\t\t\t<p class=\"elementor-icon-box-description\">\n\t\t\t\t\t\tAls Systemikerin (Zert. Systemische Gesellschaft) bleibe ich in meiner Haltung unparteiisch und r\u00e4ume Ihnen die Zeit und Freiheit ein, mit sich selbst in Kontakt zu kommen. Sie sind die Expertin oder der Experte f\u00fcr Ihr Leben, daher setze ich mich nicht f\u00fcr eine bestimmte Interpretation oder L\u00f6sung ein. Als aufmerksame und einf\u00fchlsame Zuh\u00f6rerin, die Ihnen die schwierigen Fragen stellt und auch mal dagegen h\u00e4lt, ist es meine Aufgabe, Sie darauf zu bringen, wo Sie wirklich hinm\u00f6chten. Dann k\u00f6nnen Sie Ihre neue Agenda entwerfen und festlegen, auf die Sie sich Schritt f\u00fcr Schritt zu bewegen. Ich begleite und best\u00e4rke Sie auf Ihren Weg auch langfristig. \t\t\t\t\t<\/p>\n\t\t\t\t\n\t\t\t<\/div>\n\t\t\t\n\t\t<\/div>\n\t\t\t\t\t\t<\/div>\n\t\t\t\t<\/div>\n\t\t\t\t\t<\/div>\n\t\t<\/div>\n\t\t\t\t\t<\/div>\n\t\t<\/section>\n\t\t\t\t<\/div>\n\t\t","protected":false},"excerpt":{"rendered":"<p>Systemisches Coaching und Mediation Gespr\u00e4che \u00fcber F\u00fchrung und Kommunikation Wie kommunizieren Sie im Beruf? Was kommt in Ihrem Umfeld an? Gibt es etwas, das Ihre Botschaften verwirrt und Sie daher beruflich und pers\u00f6nlich zur\u00fcckh\u00e4lt? Vielleicht sind nicht Ihre Sprachkenntnisse das Problem. Coaching hilft Ihnen, ein Gespr\u00e4ch mit sich selbst zu f\u00fchren, um zu beleuchten, was [&hellip;]<\/p>\n","protected":false},"author":2,"featured_media":0,"parent":0,"menu_order":0,"comment_status":"closed","ping_status":"closed","template":"elementor_header_footer","meta":{"om_disable_all_campaigns":false,"_monsterinsights_skip_tracking":false,"_monsterinsights_sitenote_active":false,"_monsterinsights_sitenote_note":"","_monsterinsights_sitenote_category":0,"_uf_show_specific_survey":0,"_uf_disable_surveys":false,"jetpack_post_was_ever_published":false,"footnotes":""},"class_list":["post-24260","page","type-page","status-publish","hentry"],"aioseo_notices":[],"jetpack_shortlink":"https:\/\/wp.me\/P7guBI-6ji","jetpack-related-posts":[{"id":22908,"url":"https:\/\/annehodgson.de\/career-coaching-and-mediation\/","url_meta":{"origin":24260,"position":0},"title":"Career Coaching &#038; Mediation","author":"Anne","date":"M\u00e4rz 4, 2022","format":false,"excerpt":"Career Coaching and Mediation Conversations on Leadership and Communication How do you communicate on the job? Is something muddying your messages and keeping you back professionally and personally? Perhaps it is not the language as such. Coaching will help you have a conversation with yourself to identify and question any\u2026","rel":"","context":"\u00c4hnlicher Beitrag","block_context":{"text":"\u00c4hnlicher Beitrag","link":""},"img":{"alt_text":"Individual coaching 2","src":"https:\/\/i0.wp.com\/annehodgson.de\/wp-content\/uploads\/2022\/08\/Coaching_AnneI-2-scaled.jpeg?resize=350%2C200&ssl=1","width":350,"height":200,"srcset":"https:\/\/i0.wp.com\/annehodgson.de\/wp-content\/uploads\/2022\/08\/Coaching_AnneI-2-scaled.jpeg?resize=350%2C200&ssl=1 1x, https:\/\/i0.wp.com\/annehodgson.de\/wp-content\/uploads\/2022\/08\/Coaching_AnneI-2-scaled.jpeg?resize=525%2C300&ssl=1 1.5x, https:\/\/i0.wp.com\/annehodgson.de\/wp-content\/uploads\/2022\/08\/Coaching_AnneI-2-scaled.jpeg?resize=700%2C400&ssl=1 2x, https:\/\/i0.wp.com\/annehodgson.de\/wp-content\/uploads\/2022\/08\/Coaching_AnneI-2-scaled.jpeg?resize=1050%2C600&ssl=1 3x, https:\/\/i0.wp.com\/annehodgson.de\/wp-content\/uploads\/2022\/08\/Coaching_AnneI-2-scaled.jpeg?resize=1400%2C800&ssl=1 4x"},"classes":[]},{"id":22562,"url":"https:\/\/annehodgson.de\/blog\/","url_meta":{"origin":24260,"position":1},"title":"Blog","author":"Anne","date":"M\u00e4rz 2, 2022","format":false,"excerpt":"Blog","rel":"","context":"\u00c4hnlicher Beitrag","block_context":{"text":"\u00c4hnlicher Beitrag","link":""},"img":{"alt_text":"Blog","src":"https:\/\/i0.wp.com\/annehodgson.de\/wp-content\/uploads\/2022\/09\/noun-blog-1290485-3D4971-150x150.png?resize=350%2C200&ssl=1","width":350,"height":200},"classes":[]},{"id":24313,"url":"https:\/\/annehodgson.de\/de\/blog\/","url_meta":{"origin":24260,"position":2},"title":"Blog","author":"Anne","date":"September 7, 2022","format":false,"excerpt":"Blog","rel":"","context":"\u00c4hnlicher Beitrag","block_context":{"text":"\u00c4hnlicher Beitrag","link":""},"img":{"alt_text":"Blog","src":"https:\/\/i0.wp.com\/annehodgson.de\/wp-content\/uploads\/2022\/09\/noun-blog-1290485-3D4971-150x150.png?resize=350%2C200&ssl=1","width":350,"height":200},"classes":[]},{"id":24320,"url":"https:\/\/annehodgson.de\/de\/kontakt\/","url_meta":{"origin":24260,"position":3},"title":"Kontakt","author":"Anne","date":"September 7, 2022","format":false,"excerpt":"Kontakt Bitte nutzen Sie dieses Kontaktformular. Ich melde mich baldm\u00f6glichst bei Ihnen.","rel":"","context":"\u00c4hnlicher Beitrag","block_context":{"text":"\u00c4hnlicher Beitrag","link":""},"img":{"alt_text":"Contact","src":"https:\/\/i0.wp.com\/annehodgson.de\/wp-content\/uploads\/2022\/03\/noun-envelope-3853577-F19F53.png?resize=350%2C200&ssl=1","width":350,"height":200},"classes":[]},{"id":22579,"url":"https:\/\/annehodgson.de\/contact\/","url_meta":{"origin":24260,"position":4},"title":"Contact","author":"Anne","date":"M\u00e4rz 2, 2022","format":false,"excerpt":"Contact Me Please use this form to contact me. I will get back to you as soon as I can.","rel":"","context":"\u00c4hnlicher Beitrag","block_context":{"text":"\u00c4hnlicher Beitrag","link":""},"img":{"alt_text":"Contact","src":"https:\/\/i0.wp.com\/annehodgson.de\/wp-content\/uploads\/2022\/03\/noun-envelope-3853577-F19F53.png?resize=350%2C200&ssl=1","width":350,"height":200},"classes":[]},{"id":22913,"url":"https:\/\/annehodgson.de\/communication-coaching\/","url_meta":{"origin":24260,"position":5},"title":"Communication Coaching","author":"Anne","date":"M\u00e4rz 4, 2022","format":false,"excerpt":"Communication Coaching Confident professional Communication It takes more than a common language to communicate effectively in view of global diversity and when faced with complex, uncertain, ambiguous situations. Build your soft skills to get the hard work done. Soft skills for professionals Workshops for teams at the customer-facing front of\u2026","rel":"","context":"\u00c4hnlicher Beitrag","block_context":{"text":"\u00c4hnlicher Beitrag","link":""},"img":{"alt_text":"Communication coaching: Team posters","src":"https:\/\/i0.wp.com\/annehodgson.de\/wp-content\/uploads\/2022\/08\/MPI_poster_build2-scaled.jpg?resize=350%2C200&ssl=1","width":350,"height":200,"srcset":"https:\/\/i0.wp.com\/annehodgson.de\/wp-content\/uploads\/2022\/08\/MPI_poster_build2-scaled.jpg?resize=350%2C200&ssl=1 1x, https:\/\/i0.wp.com\/annehodgson.de\/wp-content\/uploads\/2022\/08\/MPI_poster_build2-scaled.jpg?resize=525%2C300&ssl=1 1.5x, https:\/\/i0.wp.com\/annehodgson.de\/wp-content\/uploads\/2022\/08\/MPI_poster_build2-scaled.jpg?resize=700%2C400&ssl=1 2x, https:\/\/i0.wp.com\/annehodgson.de\/wp-content\/uploads\/2022\/08\/MPI_poster_build2-scaled.jpg?resize=1050%2C600&ssl=1 3x, https:\/\/i0.wp.com\/annehodgson.de\/wp-content\/uploads\/2022\/08\/MPI_poster_build2-scaled.jpg?resize=1400%2C800&ssl=1 4x"},"classes":[]}],"jetpack_sharing_enabled":true,"_links":{"self":[{"href":"https:\/\/annehodgson.de\/de\/wp-json\/wp\/v2\/pages\/24260","targetHints":{"allow":["GET"]}}],"collection":[{"href":"https:\/\/annehodgson.de\/de\/wp-json\/wp\/v2\/pages"}],"about":[{"href":"https:\/\/annehodgson.de\/de\/wp-json\/wp\/v2\/types\/page"}],"author":[{"embeddable":true,"href":"https:\/\/annehodgson.de\/de\/wp-json\/wp\/v2\/users\/2"}],"replies":[{"embeddable":true,"href":"https:\/\/annehodgson.de\/de\/wp-json\/wp\/v2\/comments?post=24260"}],"version-history":[{"count":5,"href":"https:\/\/annehodgson.de\/de\/wp-json\/wp\/v2\/pages\/24260\/revisions"}],"predecessor-version":[{"id":24502,"href":"https:\/\/annehodgson.de\/de\/wp-json\/wp\/v2\/pages\/24260\/revisions\/24502"}],"wp:attachment":[{"href":"https:\/\/annehodgson.de\/de\/wp-json\/wp\/v2\/media?parent=24260"}],"curies":[{"name":"wp","href":"https:\/\/api.w.org\/{rel}","templated":true}]}}