{"id":24301,"date":"2022-09-07T14:50:45","date_gmt":"2022-09-07T12:50:45","guid":{"rendered":"https:\/\/annehodgson.de\/?page_id=24301"},"modified":"2022-09-16T18:38:50","modified_gmt":"2022-09-16T16:38:50","slug":"teamentwicklung","status":"publish","type":"page","link":"https:\/\/annehodgson.de\/de\/teamentwicklung\/","title":{"rendered":"Teamentwicklung"},"content":{"rendered":"\t\t<div data-elementor-type=\"wp-page\" data-elementor-id=\"24301\" class=\"elementor elementor-24301\" data-elementor-post-type=\"page\">\n\t\t\t\t\t\t<section class=\"elementor-section elementor-top-section elementor-element elementor-element-21c8d52 elementor-section-boxed elementor-section-height-default elementor-section-height-default\" data-id=\"21c8d52\" data-element_type=\"section\">\n\t\t\t\t\t\t<div class=\"elementor-container elementor-column-gap-default\">\n\t\t\t\t\t<div class=\"elementor-column elementor-col-100 elementor-top-column elementor-element elementor-element-154bdca\" data-id=\"154bdca\" data-element_type=\"column\">\n\t\t\t<div class=\"elementor-widget-wrap elementor-element-populated\">\n\t\t\t\t\t\t<div class=\"elementor-element elementor-element-2681ac9 elementor-widget elementor-widget-heading\" data-id=\"2681ac9\" data-element_type=\"widget\" data-widget_type=\"heading.default\">\n\t\t\t\t<div class=\"elementor-widget-container\">\n\t\t\t\t\t<h1 class=\"elementor-heading-title elementor-size-default\">Teamentwicklung mit Fierce<\/h1>\t\t\t\t<\/div>\n\t\t\t\t<\/div>\n\t\t\t\t\t<\/div>\n\t\t<\/div>\n\t\t\t\t\t<\/div>\n\t\t<\/section>\n\t\t\t\t<section class=\"elementor-section elementor-top-section elementor-element elementor-element-c8ab770 elementor-section-content-middle elementor-section-boxed elementor-section-height-default elementor-section-height-default\" data-id=\"c8ab770\" data-element_type=\"section\">\n\t\t\t\t\t\t<div class=\"elementor-container elementor-column-gap-no\">\n\t\t\t\t\t<div class=\"elementor-column elementor-col-50 elementor-top-column elementor-element elementor-element-755cd8c\" data-id=\"755cd8c\" data-element_type=\"column\">\n\t\t\t<div class=\"elementor-widget-wrap elementor-element-populated\">\n\t\t\t\t\t\t<div class=\"elementor-element elementor-element-c135fef elementor-widget elementor-widget-image\" data-id=\"c135fef\" data-element_type=\"widget\" data-widget_type=\"image.default\">\n\t\t\t\t<div class=\"elementor-widget-container\">\n\t\t\t\t\t\t\t\t\t\t\t\t\t\t\t<img fetchpriority=\"high\" decoding=\"async\" width=\"640\" height=\"480\" src=\"https:\/\/i0.wp.com\/annehodgson.de\/wp-content\/uploads\/2022\/08\/Fearless_Fierce-2.jpeg?fit=640%2C480&amp;ssl=1\" class=\"attachment-full size-full wp-image-23070\" alt=\"Fearless and Fierce\" srcset=\"https:\/\/i0.wp.com\/annehodgson.de\/wp-content\/uploads\/2022\/08\/Fearless_Fierce-2.jpeg?w=640&amp;ssl=1 640w, https:\/\/i0.wp.com\/annehodgson.de\/wp-content\/uploads\/2022\/08\/Fearless_Fierce-2.jpeg?resize=300%2C225&amp;ssl=1 300w\" sizes=\"(max-width: 640px) 100vw, 640px\" \/>\t\t\t\t\t\t\t\t\t\t\t\t\t\t\t<\/div>\n\t\t\t\t<\/div>\n\t\t\t\t\t<\/div>\n\t\t<\/div>\n\t\t\t\t<div class=\"elementor-column elementor-col-50 elementor-top-column elementor-element elementor-element-e1570aa\" data-id=\"e1570aa\" data-element_type=\"column\">\n\t\t\t<div class=\"elementor-widget-wrap elementor-element-populated\">\n\t\t\t\t\t\t<div class=\"elementor-element elementor-element-42067df elementor-vertical-align-top elementor-widget elementor-widget-icon-box\" data-id=\"42067df\" data-element_type=\"widget\" data-widget_type=\"icon-box.default\">\n\t\t\t\t<div class=\"elementor-widget-container\">\n\t\t\t\t\t\t\t<div class=\"elementor-icon-box-wrapper\">\n\n\t\t\t\n\t\t\t\t\t\t<div class=\"elementor-icon-box-content\">\n\n\t\t\t\t\t\t\t\t\t<h3 class=\"elementor-icon-box-title\">\n\t\t\t\t\t\t<span  >\n\t\t\t\t\t\t\tWas hei\u00dft \"fierce\"?\t\t\t\t\t\t<\/span>\n\t\t\t\t\t<\/h3>\n\t\t\t\t\n\t\t\t\t\t\t\t\t\t<p class=\"elementor-icon-box-description\">\n\t\t\t\t\t\t\"Fierce Conversations\" ist ein praktischer Methodenkoffer, um Probleme  kreativer zu l\u00f6sen, mit schwierigen Menschen souver\u00e4ner umzugehen, Priorit\u00e4ten zu setzen und ein hohes Arbeitspensum effizienter zu bew\u00e4ltigen. Als Ansatz der Gespr\u00e4chsf\u00fchrung hilft Fierce F\u00fchrungskr\u00e4ften, leistungsstarke Teams zu entwickeln und eine Kultur des Vertrauens zu schaffen.\nFierce hei\u00dft soviel wie furchtlos, mutig und beherzt. Der Ansatz f\u00f6rdert ein verhaltenver\u00e4nderndes Umdenken: die Bereitschaft und das Selbstvertrauen, sich auf die Gespr\u00e4che einzulassen, die es braucht, um Ihr Unternehmen dorthin zu bringen, wo es hin soll.\n\"Sie k\u00f6nnen nicht garantieren,  dass ein Gespr\u00e4ch die Entwicklung einer Karriere, eines Unternehmens, einer Beziehung oder eines Lebens ver\u00e4ndert... aber jede Gespr\u00e4chssituation birgt dazu das Potenial.\" - Susan Scott\t\t\t\t\t<\/p>\n\t\t\t\t\n\t\t\t<\/div>\n\t\t\t\n\t\t<\/div>\n\t\t\t\t\t\t<\/div>\n\t\t\t\t<\/div>\n\t\t\t\t<div class=\"elementor-element elementor-element-7b3e3ac elementor-vertical-align-top elementor-widget elementor-widget-icon-box\" data-id=\"7b3e3ac\" data-element_type=\"widget\" data-widget_type=\"icon-box.default\">\n\t\t\t\t<div class=\"elementor-widget-container\">\n\t\t\t\t\t\t\t<div class=\"elementor-icon-box-wrapper\">\n\n\t\t\t\n\t\t\t\t\t\t<div class=\"elementor-icon-box-content\">\n\n\t\t\t\t\t\t\t\t\t<h3 class=\"elementor-icon-box-title\">\n\t\t\t\t\t\t<span  >\n\t\t\t\t\t\t\tFierce Team\t\t\t\t\t\t<\/span>\n\t\t\t\t\t<\/h3>\n\t\t\t\t\n\t\t\t\t\t\t\t\t\t<p class=\"elementor-icon-box-description\">\n\t\t\t\t\t\tIn einem Workshop lernen Sie die Anwendung eines leistungsstarken Coaching-Modells, das Ihrem Team hilft, kreativ zu denken, neue L\u00f6sungen zu finden und Ma\u00dfnahmen zu ergreifen, um ihr berufliches und privates Leben zu verbessern.  \t\t\t\t\t<\/p>\n\t\t\t\t\n\t\t\t<\/div>\n\t\t\t\n\t\t<\/div>\n\t\t\t\t\t\t<\/div>\n\t\t\t\t<\/div>\n\t\t\t\t<div class=\"elementor-element elementor-element-6a3790a elementor-vertical-align-top elementor-widget elementor-widget-icon-box\" data-id=\"6a3790a\" data-element_type=\"widget\" data-widget_type=\"icon-box.default\">\n\t\t\t\t<div class=\"elementor-widget-container\">\n\t\t\t\t\t\t\t<div class=\"elementor-icon-box-wrapper\">\n\n\t\t\t\n\t\t\t\t\t\t<div class=\"elementor-icon-box-content\">\n\n\t\t\t\t\t\t\t\t\t<h3 class=\"elementor-icon-box-title\">\n\t\t\t\t\t\t<span  >\n\t\t\t\t\t\t\tFierce Confront\t\t\t\t\t\t<\/span>\n\t\t\t\t\t<\/h3>\n\t\t\t\t\n\t\t\t\t\t\t\t\t\t<p class=\"elementor-icon-box-description\">\n\t\t\t\t\t\tWerden Sie furchtlos: Ermutigen Sie Ihr Team, ein direktes Gespr\u00e4chsmodell zur Probleml\u00f6sung anzuwenden, das Einstellungen ver\u00e4ndert, Spannungen abbaut und Beziehungen bereichert.\t\t\t\t\t<\/p>\n\t\t\t\t\n\t\t\t<\/div>\n\t\t\t\n\t\t<\/div>\n\t\t\t\t\t\t<\/div>\n\t\t\t\t<\/div>\n\t\t\t\t\t<\/div>\n\t\t<\/div>\n\t\t\t\t\t<\/div>\n\t\t<\/section>\n\t\t\t\t<section class=\"elementor-section elementor-top-section elementor-element elementor-element-d796a4c elementor-section-boxed elementor-section-height-default elementor-section-height-default\" data-id=\"d796a4c\" data-element_type=\"section\">\n\t\t\t\t\t\t<div class=\"elementor-container elementor-column-gap-default\">\n\t\t\t\t\t<div class=\"elementor-column elementor-col-66 elementor-top-column elementor-element elementor-element-ff57bc4\" data-id=\"ff57bc4\" data-element_type=\"column\">\n\t\t\t<div class=\"elementor-widget-wrap elementor-element-populated\">\n\t\t\t\t\t\t<div class=\"elementor-element elementor-element-167885b elementor-widget elementor-widget-text-editor\" data-id=\"167885b\" data-element_type=\"widget\" data-widget_type=\"text-editor.default\">\n\t\t\t\t<div class=\"elementor-widget-container\">\n\t\t\t\t\t\t\t\t\t<p><span lang=\"EN-US\">Fierce Inc.&nbsp;steht weltweit f\u00fcr die Entwicklung und Schulung von F\u00fchrungskr\u00e4ften. Mit Sitz in Seattle (USA), hat es sich zum Ziel gesetzt, die Art und Weise, wie Menschen miteinander kommunizieren, zu ver\u00e4ndern. Fierce Inc. arbeitet mit seinen Kunden zusammen, um Unternehmenskulturen durch bessere Gespr\u00e4chspraktiken zu ver\u00e4ndern. Fierce weckt Neugierde, f\u00f6rdert Innovationen, l\u00e4dt zu grenz\u00fcberschreitender Zusammenarbeit ein und &nbsp;l\u00f6st schwierige gesch\u00e4ftliche Herausforderungen.&nbsp;<br><\/span><\/p>\t\t\t\t\t\t\t\t<\/div>\n\t\t\t\t<\/div>\n\t\t\t\t\t<\/div>\n\t\t<\/div>\n\t\t\t\t<div class=\"elementor-column elementor-col-33 elementor-top-column elementor-element elementor-element-c66b22d\" data-id=\"c66b22d\" data-element_type=\"column\">\n\t\t\t<div class=\"elementor-widget-wrap elementor-element-populated\">\n\t\t\t\t\t\t<div class=\"elementor-element elementor-element-003896a elementor-widget elementor-widget-image\" data-id=\"003896a\" data-element_type=\"widget\" data-widget_type=\"image.default\">\n\t\t\t\t<div class=\"elementor-widget-container\">\n\t\t\t\t\t\t\t\t\t\t\t\t\t\t\t<img decoding=\"async\" width=\"436\" height=\"111\" src=\"https:\/\/i0.wp.com\/annehodgson.de\/wp-content\/uploads\/2022\/05\/Fierce-logo.png?fit=436%2C111&amp;ssl=1\" class=\"attachment-large size-large wp-image-22947\" alt=\"Fierce trainer\" srcset=\"https:\/\/i0.wp.com\/annehodgson.de\/wp-content\/uploads\/2022\/05\/Fierce-logo.png?w=436&amp;ssl=1 436w, https:\/\/i0.wp.com\/annehodgson.de\/wp-content\/uploads\/2022\/05\/Fierce-logo.png?resize=300%2C76&amp;ssl=1 300w\" sizes=\"(max-width: 436px) 100vw, 436px\" \/>\t\t\t\t\t\t\t\t\t\t\t\t\t\t\t<\/div>\n\t\t\t\t<\/div>\n\t\t\t\t\t<\/div>\n\t\t<\/div>\n\t\t\t\t\t<\/div>\n\t\t<\/section>\n\t\t\t\t<\/div>\n\t\t","protected":false},"excerpt":{"rendered":"<p>Teamentwicklung mit Fierce Was hei\u00dft &#8222;fierce&#8220;? &#8222;Fierce Conversations&#8220; ist ein praktischer Methodenkoffer, um Probleme kreativer zu l\u00f6sen, mit schwierigen Menschen souver\u00e4ner umzugehen, Priorit\u00e4ten zu setzen und ein hohes Arbeitspensum effizienter zu bew\u00e4ltigen. Als Ansatz der Gespr\u00e4chsf\u00fchrung hilft Fierce F\u00fchrungskr\u00e4ften, leistungsstarke Teams zu entwickeln und eine Kultur des Vertrauens zu schaffen. Fierce hei\u00dft soviel wie furchtlos, [&hellip;]<\/p>\n","protected":false},"author":2,"featured_media":22948,"parent":0,"menu_order":0,"comment_status":"closed","ping_status":"closed","template":"elementor_header_footer","meta":{"om_disable_all_campaigns":false,"_monsterinsights_skip_tracking":false,"_monsterinsights_sitenote_active":false,"_monsterinsights_sitenote_note":"","_monsterinsights_sitenote_category":0,"_uf_show_specific_survey":0,"_uf_disable_surveys":false,"jetpack_post_was_ever_published":false,"footnotes":""},"class_list":["post-24301","page","type-page","status-publish","has-post-thumbnail","hentry"],"aioseo_notices":[],"jetpack_shortlink":"https:\/\/wp.me\/P7guBI-6jX","jetpack-related-posts":[{"id":22562,"url":"https:\/\/annehodgson.de\/blog\/","url_meta":{"origin":24301,"position":0},"title":"Blog","author":"Anne","date":"M\u00e4rz 2, 2022","format":false,"excerpt":"Blog","rel":"","context":"\u00c4hnlicher Beitrag","block_context":{"text":"\u00c4hnlicher Beitrag","link":""},"img":{"alt_text":"Blog","src":"https:\/\/i0.wp.com\/annehodgson.de\/wp-content\/uploads\/2022\/09\/noun-blog-1290485-3D4971-150x150.png?resize=350%2C200&ssl=1","width":350,"height":200},"classes":[]},{"id":24313,"url":"https:\/\/annehodgson.de\/de\/blog\/","url_meta":{"origin":24301,"position":1},"title":"Blog","author":"Anne","date":"September 7, 2022","format":false,"excerpt":"Blog","rel":"","context":"\u00c4hnlicher Beitrag","block_context":{"text":"\u00c4hnlicher Beitrag","link":""},"img":{"alt_text":"Blog","src":"https:\/\/i0.wp.com\/annehodgson.de\/wp-content\/uploads\/2022\/09\/noun-blog-1290485-3D4971-150x150.png?resize=350%2C200&ssl=1","width":350,"height":200},"classes":[]},{"id":24320,"url":"https:\/\/annehodgson.de\/de\/kontakt\/","url_meta":{"origin":24301,"position":2},"title":"Kontakt","author":"Anne","date":"September 7, 2022","format":false,"excerpt":"Kontakt Bitte nutzen Sie dieses Kontaktformular. Ich melde mich baldm\u00f6glichst bei Ihnen.","rel":"","context":"\u00c4hnlicher Beitrag","block_context":{"text":"\u00c4hnlicher Beitrag","link":""},"img":{"alt_text":"Contact","src":"https:\/\/i0.wp.com\/annehodgson.de\/wp-content\/uploads\/2022\/03\/noun-envelope-3853577-F19F53.png?resize=350%2C200&ssl=1","width":350,"height":200},"classes":[]},{"id":22579,"url":"https:\/\/annehodgson.de\/contact\/","url_meta":{"origin":24301,"position":3},"title":"Contact","author":"Anne","date":"M\u00e4rz 2, 2022","format":false,"excerpt":"Contact Me Please use this form to contact me. I will get back to you as soon as I can.","rel":"","context":"\u00c4hnlicher Beitrag","block_context":{"text":"\u00c4hnlicher Beitrag","link":""},"img":{"alt_text":"Contact","src":"https:\/\/i0.wp.com\/annehodgson.de\/wp-content\/uploads\/2022\/03\/noun-envelope-3853577-F19F53.png?resize=350%2C200&ssl=1","width":350,"height":200},"classes":[]},{"id":22923,"url":"https:\/\/annehodgson.de\/editing-and-translation\/","url_meta":{"origin":24301,"position":4},"title":"Editing &#038; Translation","author":"Anne","date":"M\u00e4rz 4, 2022","format":false,"excerpt":"Editing & Translation Speech Revision Preparing your speech from first draft to final polished version using the words you feel comfortable with and that will roll off your tongue. Find your voice in English. Science Communication Supporting you as you adapt your research for publication. Respecting the original wording that\u2026","rel":"","context":"\u00c4hnlicher Beitrag","block_context":{"text":"\u00c4hnlicher Beitrag","link":""},"img":{"alt_text":"Berlin","src":"https:\/\/i0.wp.com\/annehodgson.de\/wp-content\/uploads\/2022\/08\/Berlin-scaled.jpeg?resize=350%2C200&ssl=1","width":350,"height":200,"srcset":"https:\/\/i0.wp.com\/annehodgson.de\/wp-content\/uploads\/2022\/08\/Berlin-scaled.jpeg?resize=350%2C200&ssl=1 1x, https:\/\/i0.wp.com\/annehodgson.de\/wp-content\/uploads\/2022\/08\/Berlin-scaled.jpeg?resize=525%2C300&ssl=1 1.5x, https:\/\/i0.wp.com\/annehodgson.de\/wp-content\/uploads\/2022\/08\/Berlin-scaled.jpeg?resize=700%2C400&ssl=1 2x, https:\/\/i0.wp.com\/annehodgson.de\/wp-content\/uploads\/2022\/08\/Berlin-scaled.jpeg?resize=1050%2C600&ssl=1 3x, https:\/\/i0.wp.com\/annehodgson.de\/wp-content\/uploads\/2022\/08\/Berlin-scaled.jpeg?resize=1400%2C800&ssl=1 4x"},"classes":[]},{"id":24212,"url":"https:\/\/annehodgson.de\/de\/","url_meta":{"origin":24301,"position":5},"title":"Homepage","author":"Anne","date":"September 7, 2022","format":false,"excerpt":"Englischkurse Kommunikation Blog Zu mir Systemisches Coaching Teamentwicklung Willkommen! Aufgewachsen bin ich in Washington DC, wo wir zuhause und an der Schule Deutsch und Englisch sprachen. Seit 1998 bin ich als Kommunikationscoach t\u00e4tig. Von Berlin aus unterst\u00fctze ich Menschen, die internationalen Berufen in Wirtschaft und Wissenschaft nachgehen. Wie kann ich\u2026","rel":"","context":"\u00c4hnlicher Beitrag","block_context":{"text":"\u00c4hnlicher Beitrag","link":""},"img":{"alt_text":"About me","src":"https:\/\/i0.wp.com\/annehodgson.de\/wp-content\/uploads\/2022\/08\/Anne-neat-scaled.jpg?fit=1200%2C900&ssl=1&resize=350%2C200","width":350,"height":200,"srcset":"https:\/\/i0.wp.com\/annehodgson.de\/wp-content\/uploads\/2022\/08\/Anne-neat-scaled.jpg?fit=1200%2C900&ssl=1&resize=350%2C200 1x, https:\/\/i0.wp.com\/annehodgson.de\/wp-content\/uploads\/2022\/08\/Anne-neat-scaled.jpg?fit=1200%2C900&ssl=1&resize=525%2C300 1.5x, https:\/\/i0.wp.com\/annehodgson.de\/wp-content\/uploads\/2022\/08\/Anne-neat-scaled.jpg?fit=1200%2C900&ssl=1&resize=700%2C400 2x, https:\/\/i0.wp.com\/annehodgson.de\/wp-content\/uploads\/2022\/08\/Anne-neat-scaled.jpg?fit=1200%2C900&ssl=1&resize=1050%2C600 3x"},"classes":[]}],"jetpack_sharing_enabled":true,"_links":{"self":[{"href":"https:\/\/annehodgson.de\/de\/wp-json\/wp\/v2\/pages\/24301","targetHints":{"allow":["GET"]}}],"collection":[{"href":"https:\/\/annehodgson.de\/de\/wp-json\/wp\/v2\/pages"}],"about":[{"href":"https:\/\/annehodgson.de\/de\/wp-json\/wp\/v2\/types\/page"}],"author":[{"embeddable":true,"href":"https:\/\/annehodgson.de\/de\/wp-json\/wp\/v2\/users\/2"}],"replies":[{"embeddable":true,"href":"https:\/\/annehodgson.de\/de\/wp-json\/wp\/v2\/comments?post=24301"}],"version-history":[{"count":5,"href":"https:\/\/annehodgson.de\/de\/wp-json\/wp\/v2\/pages\/24301\/revisions"}],"predecessor-version":[{"id":24517,"href":"https:\/\/annehodgson.de\/de\/wp-json\/wp\/v2\/pages\/24301\/revisions\/24517"}],"wp:featuredmedia":[{"embeddable":true,"href":"https:\/\/annehodgson.de\/de\/wp-json\/wp\/v2\/media\/22948"}],"wp:attachment":[{"href":"https:\/\/annehodgson.de\/de\/wp-json\/wp\/v2\/media?parent=24301"}],"curies":[{"name":"wp","href":"https:\/\/api.w.org\/{rel}","templated":true}]}}