{"id":24320,"date":"2022-09-07T16:09:12","date_gmt":"2022-09-07T14:09:12","guid":{"rendered":"https:\/\/annehodgson.de\/?page_id=24320"},"modified":"2022-09-07T16:14:06","modified_gmt":"2022-09-07T14:14:06","slug":"kontakt","status":"publish","type":"page","link":"https:\/\/annehodgson.de\/de\/kontakt\/","title":{"rendered":"Kontakt"},"content":{"rendered":"\t\t<div data-elementor-type=\"wp-page\" data-elementor-id=\"24320\" class=\"elementor elementor-24320\" data-elementor-post-type=\"page\">\n\t\t\t\t\t\t<section class=\"elementor-section elementor-top-section elementor-element elementor-element-21c8d52 elementor-section-boxed elementor-section-height-default elementor-section-height-default\" data-id=\"21c8d52\" data-element_type=\"section\">\n\t\t\t\t\t\t<div class=\"elementor-container elementor-column-gap-default\">\n\t\t\t\t\t<div class=\"elementor-column elementor-col-100 elementor-top-column elementor-element elementor-element-154bdca\" data-id=\"154bdca\" data-element_type=\"column\">\n\t\t\t<div class=\"elementor-widget-wrap elementor-element-populated\">\n\t\t\t\t\t\t<div class=\"elementor-element elementor-element-2681ac9 elementor-widget elementor-widget-heading\" data-id=\"2681ac9\" data-element_type=\"widget\" data-widget_type=\"heading.default\">\n\t\t\t\t<div class=\"elementor-widget-container\">\n\t\t\t\t\t<h1 class=\"elementor-heading-title elementor-size-default\">Kontakt<\/h1>\t\t\t\t<\/div>\n\t\t\t\t<\/div>\n\t\t\t\t\t<\/div>\n\t\t<\/div>\n\t\t\t\t\t<\/div>\n\t\t<\/section>\n\t\t\t\t<section class=\"elementor-section elementor-top-section elementor-element elementor-element-1323d38 elementor-section-boxed elementor-section-height-default elementor-section-height-default\" data-id=\"1323d38\" data-element_type=\"section\">\n\t\t\t\t\t\t<div class=\"elementor-container elementor-column-gap-default\">\n\t\t\t\t\t<div class=\"elementor-column elementor-col-100 elementor-top-column elementor-element elementor-element-0c3ee72\" data-id=\"0c3ee72\" data-element_type=\"column\">\n\t\t\t<div class=\"elementor-widget-wrap elementor-element-populated\">\n\t\t\t\t\t\t<div class=\"elementor-element elementor-element-8a6749e elementor-widget elementor-widget-image\" data-id=\"8a6749e\" data-element_type=\"widget\" data-widget_type=\"image.default\">\n\t\t\t\t<div class=\"elementor-widget-container\">\n\t\t\t\t\t\t\t\t\t\t\t\t\t\t\t<img decoding=\"async\" width=\"128\" height=\"128\" src=\"https:\/\/i0.wp.com\/annehodgson.de\/wp-content\/uploads\/2022\/03\/noun-envelope-3853577-F19F53.png?fit=128%2C128&amp;ssl=1\" class=\"attachment-large size-large wp-image-22606\" alt=\"Contact\" \/>\t\t\t\t\t\t\t\t\t\t\t\t\t\t\t<\/div>\n\t\t\t\t<\/div>\n\t\t\t\t\t<\/div>\n\t\t<\/div>\n\t\t\t\t\t<\/div>\n\t\t<\/section>\n\t\t\t\t<section class=\"elementor-section elementor-top-section elementor-element elementor-element-a52e14a elementor-section-boxed elementor-section-height-default elementor-section-height-default\" data-id=\"a52e14a\" data-element_type=\"section\">\n\t\t\t\t\t\t<div class=\"elementor-container elementor-column-gap-default\">\n\t\t\t\t\t<div class=\"elementor-column elementor-col-100 elementor-top-column elementor-element elementor-element-a09e922\" data-id=\"a09e922\" data-element_type=\"column\">\n\t\t\t<div class=\"elementor-widget-wrap elementor-element-populated\">\n\t\t\t\t\t\t<div class=\"elementor-element elementor-element-8ed35e0 elementor-widget elementor-widget-text-editor\" data-id=\"8ed35e0\" data-element_type=\"widget\" data-widget_type=\"text-editor.default\">\n\t\t\t\t<div class=\"elementor-widget-container\">\n\t\t\t\t\t\t\t\t\t<p>Bitte nutzen Sie dieses Kontaktformular. Ich melde mich baldm\u00f6glichst bei Ihnen.<\/p>\t\t\t\t\t\t\t\t<\/div>\n\t\t\t\t<\/div>\n\t\t\t\t\t<\/div>\n\t\t<\/div>\n\t\t\t\t\t<\/div>\n\t\t<\/section>\n\t\t\t\t<section class=\"elementor-section elementor-top-section elementor-element elementor-element-f02c5f5 elementor-section-boxed elementor-section-height-default elementor-section-height-default\" data-id=\"f02c5f5\" data-element_type=\"section\">\n\t\t\t\t\t\t<div class=\"elementor-container elementor-column-gap-default\">\n\t\t\t\t\t<div class=\"elementor-column elementor-col-100 elementor-top-column elementor-element elementor-element-73c6614\" data-id=\"73c6614\" data-element_type=\"column\">\n\t\t\t<div class=\"elementor-widget-wrap elementor-element-populated\">\n\t\t\t\t\t\t<div class=\"elementor-element elementor-element-ef47218 elementor-button-align-stretch elementor-widget elementor-widget-form\" data-id=\"ef47218\" data-element_type=\"widget\" data-settings=\"{&quot;step_next_label&quot;:&quot;Next&quot;,&quot;step_previous_label&quot;:&quot;Previous&quot;,&quot;button_width&quot;:&quot;100&quot;,&quot;step_type&quot;:&quot;number_text&quot;,&quot;step_icon_shape&quot;:&quot;circle&quot;}\" data-widget_type=\"form.default\">\n\t\t\t\t<div class=\"elementor-widget-container\">\n\t\t\t\t\t\t\t<form class=\"elementor-form\" method=\"post\" name=\"New Form\">\n\t\t\t<input type=\"hidden\" name=\"post_id\" value=\"24320\"\/>\n\t\t\t<input type=\"hidden\" name=\"form_id\" value=\"ef47218\"\/>\n\t\t\t<input type=\"hidden\" name=\"referer_title\" value=\"\" \/>\n\n\t\t\t\n\t\t\t<div class=\"elementor-form-fields-wrapper elementor-labels-above\">\n\t\t\t\t\t\t\t\t<div class=\"elementor-field-type-text elementor-field-group elementor-column elementor-field-group-name elementor-col-100 elementor-field-required elementor-mark-required\">\n\t\t\t\t\t\t\t\t\t\t\t\t<label for=\"form-field-name\" class=\"elementor-field-label\">\n\t\t\t\t\t\t\t\tIhr Name\t\t\t\t\t\t\t<\/label>\n\t\t\t\t\t\t\t\t\t\t\t\t\t\t<input size=\"1\" type=\"text\" name=\"form_fields[name]\" id=\"form-field-name\" class=\"elementor-field elementor-size-sm  elementor-field-textual\" placeholder=\"[ Ihr Name ]\" required=\"required\">\n\t\t\t\t\t\t\t\t\t\t\t<\/div>\n\t\t\t\t\t\t\t\t<div class=\"elementor-field-type-email elementor-field-group elementor-column elementor-field-group-email elementor-col-100 elementor-field-required elementor-mark-required\">\n\t\t\t\t\t\t\t\t\t\t\t\t<label for=\"form-field-email\" class=\"elementor-field-label\">\n\t\t\t\t\t\t\t\tIhre E-Mail\t\t\t\t\t\t\t<\/label>\n\t\t\t\t\t\t\t\t\t\t\t\t\t\t<input size=\"1\" type=\"email\" name=\"form_fields[email]\" id=\"form-field-email\" class=\"elementor-field elementor-size-sm  elementor-field-textual\" placeholder=\"[ Ihre E-Mail ]\" required=\"required\">\n\t\t\t\t\t\t\t\t\t\t\t<\/div>\n\t\t\t\t\t\t\t\t<div class=\"elementor-field-type-textarea elementor-field-group elementor-column elementor-field-group-message elementor-col-100 elementor-field-required elementor-mark-required\">\n\t\t\t\t\t\t\t\t\t\t\t\t<label for=\"form-field-message\" class=\"elementor-field-label\">\n\t\t\t\t\t\t\t\tIhre Nachricht\t\t\t\t\t\t\t<\/label>\n\t\t\t\t\t\t<textarea class=\"elementor-field-textual elementor-field  elementor-size-sm\" name=\"form_fields[message]\" id=\"form-field-message\" rows=\"4\" placeholder=\"[ Ihre Nachricht ]\" required=\"required\"><\/textarea>\t\t\t\t<\/div>\n\t\t\t\t\t\t\t\t<div class=\"elementor-field-type-text\">\n\t\t\t\t\t<input size=\"1\" type=\"text\" name=\"form_fields[field_eaa28d7]\" id=\"form-field-field_eaa28d7\" class=\"elementor-field elementor-size-sm \" style=\"display:none !important;\">\t\t\t\t<\/div>\n\t\t\t\t\t\t\t\t<div class=\"elementor-field-type-recaptcha_v3 elementor-field-group elementor-column elementor-field-group-field_6618da8 elementor-col-100 recaptcha_v3-bottomright\">\n\t\t\t\t\t<div class=\"elementor-field\" id=\"form-field-field_6618da8\"><div class=\"elementor-g-recaptcha\" data-sitekey=\"6LfA_DghAAAAAIPb7IaoSQAYWQPKrqUxCUEYKYzh\" data-type=\"v3\" data-action=\"Form\" data-badge=\"bottomright\" data-size=\"invisible\"><\/div><\/div>\t\t\t\t<\/div>\n\t\t\t\t\t\t\t\t<div class=\"elementor-field-group elementor-column elementor-field-type-submit elementor-col-100 e-form__buttons\">\n\t\t\t\t\t<button class=\"elementor-button elementor-size-sm\" type=\"submit\">\n\t\t\t\t\t\t<span class=\"elementor-button-content-wrapper\">\n\t\t\t\t\t\t\t\t\t\t\t\t\t\t\t\t\t\t\t\t\t\t<span class=\"elementor-button-text\">Senden<\/span>\n\t\t\t\t\t\t\t\t\t\t\t\t\t<\/span>\n\t\t\t\t\t<\/button>\n\t\t\t\t<\/div>\n\t\t\t<\/div>\n\t\t<\/form>\n\t\t\t\t\t\t<\/div>\n\t\t\t\t<\/div>\n\t\t\t\t\t<\/div>\n\t\t<\/div>\n\t\t\t\t\t<\/div>\n\t\t<\/section>\n\t\t\t\t<\/div>\n\t\t","protected":false},"excerpt":{"rendered":"<p>Kontakt Bitte nutzen Sie dieses Kontaktformular. Ich melde mich baldm\u00f6glichst bei Ihnen.<\/p>\n","protected":false},"author":2,"featured_media":0,"parent":0,"menu_order":0,"comment_status":"closed","ping_status":"closed","template":"","meta":{"om_disable_all_campaigns":false,"_monsterinsights_skip_tracking":false,"_monsterinsights_sitenote_active":false,"_monsterinsights_sitenote_note":"","_monsterinsights_sitenote_category":0,"_uf_show_specific_survey":0,"_uf_disable_surveys":false,"jetpack_post_was_ever_published":false,"footnotes":""},"class_list":["post-24320","page","type-page","status-publish","hentry"],"aioseo_notices":[],"jetpack_shortlink":"https:\/\/wp.me\/P7guBI-6kg","jetpack-related-posts":[{"id":22562,"url":"https:\/\/annehodgson.de\/blog\/","url_meta":{"origin":24320,"position":0},"title":"Blog","author":"Anne","date":"M\u00e4rz 2, 2022","format":false,"excerpt":"Blog","rel":"","context":"\u00c4hnlicher Beitrag","block_context":{"text":"\u00c4hnlicher Beitrag","link":""},"img":{"alt_text":"Blog","src":"https:\/\/i0.wp.com\/annehodgson.de\/wp-content\/uploads\/2022\/09\/noun-blog-1290485-3D4971-150x150.png?resize=350%2C200&ssl=1","width":350,"height":200},"classes":[]},{"id":24313,"url":"https:\/\/annehodgson.de\/de\/blog\/","url_meta":{"origin":24320,"position":1},"title":"Blog","author":"Anne","date":"September 7, 2022","format":false,"excerpt":"Blog","rel":"","context":"\u00c4hnlicher Beitrag","block_context":{"text":"\u00c4hnlicher Beitrag","link":""},"img":{"alt_text":"Blog","src":"https:\/\/i0.wp.com\/annehodgson.de\/wp-content\/uploads\/2022\/09\/noun-blog-1290485-3D4971-150x150.png?resize=350%2C200&ssl=1","width":350,"height":200},"classes":[]},{"id":22579,"url":"https:\/\/annehodgson.de\/contact\/","url_meta":{"origin":24320,"position":2},"title":"Contact","author":"Anne","date":"M\u00e4rz 2, 2022","format":false,"excerpt":"Contact Me Please use this form to contact me. I will get back to you as soon as I can.","rel":"","context":"\u00c4hnlicher Beitrag","block_context":{"text":"\u00c4hnlicher Beitrag","link":""},"img":{"alt_text":"Contact","src":"https:\/\/i0.wp.com\/annehodgson.de\/wp-content\/uploads\/2022\/03\/noun-envelope-3853577-F19F53.png?resize=350%2C200&ssl=1","width":350,"height":200},"classes":[]},{"id":22923,"url":"https:\/\/annehodgson.de\/editing-and-translation\/","url_meta":{"origin":24320,"position":3},"title":"Editing &#038; Translation","author":"Anne","date":"M\u00e4rz 4, 2022","format":false,"excerpt":"Editing & Translation Speech Revision Preparing your speech from first draft to final polished version using the words you feel comfortable with and that will roll off your tongue. Find your voice in English. Science Communication Supporting you as you adapt your research for publication. Respecting the original wording that\u2026","rel":"","context":"\u00c4hnlicher Beitrag","block_context":{"text":"\u00c4hnlicher Beitrag","link":""},"img":{"alt_text":"Berlin","src":"https:\/\/i0.wp.com\/annehodgson.de\/wp-content\/uploads\/2022\/08\/Berlin-scaled.jpeg?resize=350%2C200&ssl=1","width":350,"height":200,"srcset":"https:\/\/i0.wp.com\/annehodgson.de\/wp-content\/uploads\/2022\/08\/Berlin-scaled.jpeg?resize=350%2C200&ssl=1 1x, https:\/\/i0.wp.com\/annehodgson.de\/wp-content\/uploads\/2022\/08\/Berlin-scaled.jpeg?resize=525%2C300&ssl=1 1.5x, https:\/\/i0.wp.com\/annehodgson.de\/wp-content\/uploads\/2022\/08\/Berlin-scaled.jpeg?resize=700%2C400&ssl=1 2x, https:\/\/i0.wp.com\/annehodgson.de\/wp-content\/uploads\/2022\/08\/Berlin-scaled.jpeg?resize=1050%2C600&ssl=1 3x, https:\/\/i0.wp.com\/annehodgson.de\/wp-content\/uploads\/2022\/08\/Berlin-scaled.jpeg?resize=1400%2C800&ssl=1 4x"},"classes":[]},{"id":22913,"url":"https:\/\/annehodgson.de\/communication-coaching\/","url_meta":{"origin":24320,"position":4},"title":"Communication Coaching","author":"Anne","date":"M\u00e4rz 4, 2022","format":false,"excerpt":"Communication Coaching Confident professional Communication It takes more than a common language to communicate effectively in view of global diversity and when faced with complex, uncertain, ambiguous situations. Build your soft skills to get the hard work done. Soft skills for professionals Workshops for teams at the customer-facing front of\u2026","rel":"","context":"\u00c4hnlicher Beitrag","block_context":{"text":"\u00c4hnlicher Beitrag","link":""},"img":{"alt_text":"Communication coaching: Team posters","src":"https:\/\/i0.wp.com\/annehodgson.de\/wp-content\/uploads\/2022\/08\/MPI_poster_build2-scaled.jpg?resize=350%2C200&ssl=1","width":350,"height":200,"srcset":"https:\/\/i0.wp.com\/annehodgson.de\/wp-content\/uploads\/2022\/08\/MPI_poster_build2-scaled.jpg?resize=350%2C200&ssl=1 1x, https:\/\/i0.wp.com\/annehodgson.de\/wp-content\/uploads\/2022\/08\/MPI_poster_build2-scaled.jpg?resize=525%2C300&ssl=1 1.5x, https:\/\/i0.wp.com\/annehodgson.de\/wp-content\/uploads\/2022\/08\/MPI_poster_build2-scaled.jpg?resize=700%2C400&ssl=1 2x, https:\/\/i0.wp.com\/annehodgson.de\/wp-content\/uploads\/2022\/08\/MPI_poster_build2-scaled.jpg?resize=1050%2C600&ssl=1 3x, https:\/\/i0.wp.com\/annehodgson.de\/wp-content\/uploads\/2022\/08\/MPI_poster_build2-scaled.jpg?resize=1400%2C800&ssl=1 4x"},"classes":[]},{"id":23401,"url":"https:\/\/annehodgson.de\/language-training\/","url_meta":{"origin":24320,"position":5},"title":"Language Training","author":"Anne","date":"August 30, 2022","format":false,"excerpt":"Language Training One-to-one Coaching for English at work You use English to communicate with colleagues and business partners from all over the world and want to get your work done in the best possible way. I understand high-stakes communication in English, a language you may feel familiar with but not\u2026","rel":"","context":"\u00c4hnlicher Beitrag","block_context":{"text":"\u00c4hnlicher Beitrag","link":""},"img":{"alt_text":"Language training with Lego","src":"https:\/\/i0.wp.com\/annehodgson.de\/wp-content\/uploads\/2022\/08\/FHI_games1-scaled.jpg?resize=350%2C200&ssl=1","width":350,"height":200,"srcset":"https:\/\/i0.wp.com\/annehodgson.de\/wp-content\/uploads\/2022\/08\/FHI_games1-scaled.jpg?resize=350%2C200&ssl=1 1x, https:\/\/i0.wp.com\/annehodgson.de\/wp-content\/uploads\/2022\/08\/FHI_games1-scaled.jpg?resize=525%2C300&ssl=1 1.5x, https:\/\/i0.wp.com\/annehodgson.de\/wp-content\/uploads\/2022\/08\/FHI_games1-scaled.jpg?resize=700%2C400&ssl=1 2x, https:\/\/i0.wp.com\/annehodgson.de\/wp-content\/uploads\/2022\/08\/FHI_games1-scaled.jpg?resize=1050%2C600&ssl=1 3x, https:\/\/i0.wp.com\/annehodgson.de\/wp-content\/uploads\/2022\/08\/FHI_games1-scaled.jpg?resize=1400%2C800&ssl=1 4x"},"classes":[]}],"jetpack_sharing_enabled":true,"_links":{"self":[{"href":"https:\/\/annehodgson.de\/de\/wp-json\/wp\/v2\/pages\/24320","targetHints":{"allow":["GET"]}}],"collection":[{"href":"https:\/\/annehodgson.de\/de\/wp-json\/wp\/v2\/pages"}],"about":[{"href":"https:\/\/annehodgson.de\/de\/wp-json\/wp\/v2\/types\/page"}],"author":[{"embeddable":true,"href":"https:\/\/annehodgson.de\/de\/wp-json\/wp\/v2\/users\/2"}],"replies":[{"embeddable":true,"href":"https:\/\/annehodgson.de\/de\/wp-json\/wp\/v2\/comments?post=24320"}],"version-history":[{"count":4,"href":"https:\/\/annehodgson.de\/de\/wp-json\/wp\/v2\/pages\/24320\/revisions"}],"predecessor-version":[{"id":24324,"href":"https:\/\/annehodgson.de\/de\/wp-json\/wp\/v2\/pages\/24320\/revisions\/24324"}],"wp:attachment":[{"href":"https:\/\/annehodgson.de\/de\/wp-json\/wp\/v2\/media?parent=24320"}],"curies":[{"name":"wp","href":"https:\/\/api.w.org\/{rel}","templated":true}]}}